{"id":142,"date":"2023-05-13T22:22:20","date_gmt":"2023-05-13T22:22:20","guid":{"rendered":"https:\/\/solucionsolar.cl\/solar\/producto\/copla-para-emt-32mm\/"},"modified":"2023-05-13T22:22:20","modified_gmt":"2023-05-13T22:22:20","slug":"copla-para-emt-32mm","status":"publish","type":"product","link":"https:\/\/solucionsolar.cl\/solar\/producto\/copla-para-emt-32mm\/","title":{"rendered":"Copla para EMT 32mm"},"content":{"rendered":"<p>La copla para EMT de 32mm es un accesorio utilizado en instalaciones el\u00e9ctricas para unir dos tubos EMT de 32mm de di\u00e1metro exterior y extender el recorrido del cableado. Est\u00e1 dise\u00f1ada para asegurar una conexi\u00f3n s\u00f3lida y duradera entre los tubos y est\u00e1 fabricada con materiales resistentes y duraderos para proteger el cableado de da\u00f1os y fallos.<\/p>\n","protected":false},"excerpt":{"rendered":"<p>La copla para EMT de 32mm es un accesorio utilizado en instalaciones el\u00e9ctricas para unir dos tubos EMT de 32mm de di\u00e1metro exterior y extender el recorrido del cableado. Est\u00e1 dise\u00f1ada para asegurar una conexi\u00f3n s\u00f3lida y duradera entre los tubos y est\u00e1 fabricada con materiales resistentes y duraderos para proteger el cableado de da\u00f1os y fallos.<\/p>\n","protected":false},"featured_media":141,"comment_status":"open","ping_status":"closed","template":"","meta":{"_joinchat":[]},"product_brand":[],"product_cat":[17],"product_tag":[],"class_list":{"0":"post-142","1":"product","2":"type-product","3":"status-publish","4":"has-post-thumbnail","6":"product_cat-ferreteria","8":"first","9":"instock","10":"shipping-taxable","11":"purchasable","12":"product-type-simple"},"ams_default_variation_id":0,"ams_product_points_reward":[],"ams_product_discount_percentage":0,"ams_price_to_display":800,"ams_acf":[],"jetpack_sharing_enabled":true,"_links":{"self":[{"href":"https:\/\/solucionsolar.cl\/solar\/wp-json\/wp\/v2\/product\/142","targetHints":{"allow":["GET"]}}],"collection":[{"href":"https:\/\/solucionsolar.cl\/solar\/wp-json\/wp\/v2\/product"}],"about":[{"href":"https:\/\/solucionsolar.cl\/solar\/wp-json\/wp\/v2\/types\/product"}],"replies":[{"embeddable":true,"href":"https:\/\/solucionsolar.cl\/solar\/wp-json\/wp\/v2\/comments?post=142"}],"wp:featuredmedia":[{"embeddable":true,"href":"https:\/\/solucionsolar.cl\/solar\/wp-json\/wp\/v2\/media\/141"}],"wp:attachment":[{"href":"https:\/\/solucionsolar.cl\/solar\/wp-json\/wp\/v2\/media?parent=142"}],"wp:term":[{"taxonomy":"product_brand","embeddable":true,"href":"https:\/\/solucionsolar.cl\/solar\/wp-json\/wp\/v2\/product_brand?post=142"},{"taxonomy":"product_cat","embeddable":true,"href":"https:\/\/solucionsolar.cl\/solar\/wp-json\/wp\/v2\/product_cat?post=142"},{"taxonomy":"product_tag","embeddable":true,"href":"https:\/\/solucionsolar.cl\/solar\/wp-json\/wp\/v2\/product_tag?post=142"}],"curies":[{"name":"wp","href":"https:\/\/api.w.org\/{rel}","templated":true}]}}