{"id":1421,"date":"2023-05-13T22:54:24","date_gmt":"2023-05-13T22:54:24","guid":{"rendered":"https:\/\/solucionsolar.cl\/solar\/producto\/tapa-ciega-metalica-zincada-5-8-3-4\/"},"modified":"2023-05-13T22:54:24","modified_gmt":"2023-05-13T22:54:24","slug":"tapa-ciega-metalica-zincada-5-8-3-4","status":"publish","type":"product","link":"https:\/\/solucionsolar.cl\/solar\/producto\/tapa-ciega-metalica-zincada-5-8-3-4\/","title":{"rendered":"Tapa ciega met\u00e1lica Zincada 5\/8-3\/4"},"content":{"rendered":"<p>La tapa ciega met\u00e1lica zincada 5\/8-3\/4 es un accesorio de ferreter\u00eda que se utiliza para cubrir orificios en tuber\u00edas o paredes. Tiene un di\u00e1metro de 5\/8-3\/4 pulgadas y est\u00e1 fabricada en metal con un acabado en zinc para mayor durabilidad y resistencia a la corrosi\u00f3n.<\/p>\n","protected":false},"excerpt":{"rendered":"<p>La tapa ciega met\u00e1lica zincada 5\/8-3\/4 es un accesorio de ferreter\u00eda que se utiliza para cubrir orificios en tuber\u00edas o paredes. Tiene un di\u00e1metro de 5\/8-3\/4 pulgadas y est\u00e1 fabricada en metal con un acabado en zinc para mayor durabilidad y resistencia a la corrosi\u00f3n.<\/p>\n","protected":false},"featured_media":1420,"comment_status":"open","ping_status":"closed","template":"","meta":{"_joinchat":[]},"product_brand":[],"product_cat":[16],"product_tag":[],"class_list":{"0":"post-1421","1":"product","2":"type-product","3":"status-publish","4":"has-post-thumbnail","6":"product_cat-electricidad","8":"first","9":"instock","10":"shipping-taxable","11":"purchasable","12":"product-type-simple"},"ams_default_variation_id":0,"ams_product_points_reward":[],"ams_product_discount_percentage":0,"ams_price_to_display":350,"ams_acf":[],"jetpack_sharing_enabled":true,"_links":{"self":[{"href":"https:\/\/solucionsolar.cl\/solar\/wp-json\/wp\/v2\/product\/1421","targetHints":{"allow":["GET"]}}],"collection":[{"href":"https:\/\/solucionsolar.cl\/solar\/wp-json\/wp\/v2\/product"}],"about":[{"href":"https:\/\/solucionsolar.cl\/solar\/wp-json\/wp\/v2\/types\/product"}],"replies":[{"embeddable":true,"href":"https:\/\/solucionsolar.cl\/solar\/wp-json\/wp\/v2\/comments?post=1421"}],"wp:featuredmedia":[{"embeddable":true,"href":"https:\/\/solucionsolar.cl\/solar\/wp-json\/wp\/v2\/media\/1420"}],"wp:attachment":[{"href":"https:\/\/solucionsolar.cl\/solar\/wp-json\/wp\/v2\/media?parent=1421"}],"wp:term":[{"taxonomy":"product_brand","embeddable":true,"href":"https:\/\/solucionsolar.cl\/solar\/wp-json\/wp\/v2\/product_brand?post=1421"},{"taxonomy":"product_cat","embeddable":true,"href":"https:\/\/solucionsolar.cl\/solar\/wp-json\/wp\/v2\/product_cat?post=1421"},{"taxonomy":"product_tag","embeddable":true,"href":"https:\/\/solucionsolar.cl\/solar\/wp-json\/wp\/v2\/product_tag?post=1421"}],"curies":[{"name":"wp","href":"https:\/\/api.w.org\/{rel}","templated":true}]}}