{"id":1423,"date":"2023-05-13T22:54:26","date_gmt":"2023-05-13T22:54:26","guid":{"rendered":"https:\/\/solucionsolar.cl\/solar\/producto\/falso-polo-blanco\/"},"modified":"2023-05-13T22:54:26","modified_gmt":"2023-05-13T22:54:26","slug":"falso-polo-blanco","status":"publish","type":"product","link":"https:\/\/solucionsolar.cl\/solar\/producto\/falso-polo-blanco\/","title":{"rendered":"Falso polo Blanco"},"content":{"rendered":"<p>Accesorio dise\u00f1ado para armar placas, con el fin de entregar al montaje un aspecto uniforme y confortable seg\u00fan el dise\u00f1o, color o modelo del producto.<\/p>\n","protected":false},"excerpt":{"rendered":"<p>Accesorio dise\u00f1ado para armar placas, con el fin de entregar al montaje un aspecto uniforme y confortable seg\u00fan el dise\u00f1o, color o modelo del producto.<\/p>\n","protected":false},"featured_media":1422,"comment_status":"open","ping_status":"closed","template":"","meta":{"_joinchat":[]},"product_brand":[],"product_cat":[16],"product_tag":[],"class_list":{"0":"post-1423","1":"product","2":"type-product","3":"status-publish","4":"has-post-thumbnail","6":"product_cat-electricidad","8":"first","9":"instock","10":"shipping-taxable","11":"purchasable","12":"product-type-simple"},"ams_default_variation_id":0,"ams_product_points_reward":[],"ams_product_discount_percentage":0,"ams_price_to_display":700,"ams_acf":[],"jetpack_sharing_enabled":true,"_links":{"self":[{"href":"https:\/\/solucionsolar.cl\/solar\/wp-json\/wp\/v2\/product\/1423","targetHints":{"allow":["GET"]}}],"collection":[{"href":"https:\/\/solucionsolar.cl\/solar\/wp-json\/wp\/v2\/product"}],"about":[{"href":"https:\/\/solucionsolar.cl\/solar\/wp-json\/wp\/v2\/types\/product"}],"replies":[{"embeddable":true,"href":"https:\/\/solucionsolar.cl\/solar\/wp-json\/wp\/v2\/comments?post=1423"}],"wp:featuredmedia":[{"embeddable":true,"href":"https:\/\/solucionsolar.cl\/solar\/wp-json\/wp\/v2\/media\/1422"}],"wp:attachment":[{"href":"https:\/\/solucionsolar.cl\/solar\/wp-json\/wp\/v2\/media?parent=1423"}],"wp:term":[{"taxonomy":"product_brand","embeddable":true,"href":"https:\/\/solucionsolar.cl\/solar\/wp-json\/wp\/v2\/product_brand?post=1423"},{"taxonomy":"product_cat","embeddable":true,"href":"https:\/\/solucionsolar.cl\/solar\/wp-json\/wp\/v2\/product_cat?post=1423"},{"taxonomy":"product_tag","embeddable":true,"href":"https:\/\/solucionsolar.cl\/solar\/wp-json\/wp\/v2\/product_tag?post=1423"}],"curies":[{"name":"wp","href":"https:\/\/api.w.org\/{rel}","templated":true}]}}