{"id":1435,"date":"2023-05-13T22:54:45","date_gmt":"2023-05-13T22:54:45","guid":{"rendered":"https:\/\/solucionsolar.cl\/solar\/producto\/ampolleta-led-12w-emergencia-e-27-vkb\/"},"modified":"2023-05-15T19:45:42","modified_gmt":"2023-05-15T19:45:42","slug":"ampolleta-led-12w-emergencia-e-27-vkb","status":"publish","type":"product","link":"https:\/\/solucionsolar.cl\/solar\/producto\/ampolleta-led-12w-emergencia-e-27-vkb\/","title":{"rendered":"Ampolleta LED 12W emergencia E-27 VKB"},"content":{"rendered":"<p>Es una soluci\u00f3n de iluminaci\u00f3n de emergencia para apagones de energ\u00eda el\u00e9ctrica. Esta ampolleta tiene una bater\u00eda interna recargable que se activa autom\u00e1ticamente cuando la energ\u00eda el\u00e9ctrica falla. La ampolleta puede proporcionar iluminaci\u00f3n durante 3-4 horas en modo de emergencia con una salida de luz de 800 l\u00famenes. Adem\u00e1s, esta ampolleta LED de emergencia es f\u00e1cil de instalar y se puede usar como una ampolleta LED de uso diario en su hogar o lugar de trabajo.<\/p>\n","protected":false},"excerpt":{"rendered":"<p>Es una soluci\u00f3n de iluminaci\u00f3n de emergencia para apagones de energ\u00eda el\u00e9ctrica. Esta ampolleta tiene una bater\u00eda interna recargable que se activa autom\u00e1ticamente cuando la energ\u00eda el\u00e9ctrica falla. La ampolleta puede proporcionar iluminaci\u00f3n durante 3-4 horas en modo de emergencia con una salida de luz de 800 l\u00famenes. Adem\u00e1s, esta ampolleta LED de emergencia es f\u00e1cil de instalar y se [&hellip;]<\/p>\n","protected":false},"featured_media":1434,"comment_status":"open","ping_status":"closed","template":"","meta":{"_joinchat":[]},"product_brand":[],"product_cat":[44],"product_tag":[],"class_list":{"0":"post-1435","1":"product","2":"type-product","3":"status-publish","4":"has-post-thumbnail","6":"product_cat-iluminacion","8":"first","9":"instock","10":"shipping-taxable","11":"purchasable","12":"product-type-simple"},"ams_default_variation_id":0,"ams_product_points_reward":[],"ams_product_discount_percentage":0,"ams_price_to_display":6000,"ams_acf":[],"jetpack_sharing_enabled":true,"_links":{"self":[{"href":"https:\/\/solucionsolar.cl\/solar\/wp-json\/wp\/v2\/product\/1435","targetHints":{"allow":["GET"]}}],"collection":[{"href":"https:\/\/solucionsolar.cl\/solar\/wp-json\/wp\/v2\/product"}],"about":[{"href":"https:\/\/solucionsolar.cl\/solar\/wp-json\/wp\/v2\/types\/product"}],"replies":[{"embeddable":true,"href":"https:\/\/solucionsolar.cl\/solar\/wp-json\/wp\/v2\/comments?post=1435"}],"wp:featuredmedia":[{"embeddable":true,"href":"https:\/\/solucionsolar.cl\/solar\/wp-json\/wp\/v2\/media\/1434"}],"wp:attachment":[{"href":"https:\/\/solucionsolar.cl\/solar\/wp-json\/wp\/v2\/media?parent=1435"}],"wp:term":[{"taxonomy":"product_brand","embeddable":true,"href":"https:\/\/solucionsolar.cl\/solar\/wp-json\/wp\/v2\/product_brand?post=1435"},{"taxonomy":"product_cat","embeddable":true,"href":"https:\/\/solucionsolar.cl\/solar\/wp-json\/wp\/v2\/product_cat?post=1435"},{"taxonomy":"product_tag","embeddable":true,"href":"https:\/\/solucionsolar.cl\/solar\/wp-json\/wp\/v2\/product_tag?post=1435"}],"curies":[{"name":"wp","href":"https:\/\/api.w.org\/{rel}","templated":true}]}}