{"id":1443,"date":"2023-05-13T22:54:51","date_gmt":"2023-05-13T22:54:51","guid":{"rendered":"https:\/\/solucionsolar.cl\/solar\/producto\/tarjeta-micro-sd-video-64-gb-hs-tf-c1-64g-hikvision\/"},"modified":"2023-05-13T22:54:51","modified_gmt":"2023-05-13T22:54:51","slug":"tarjeta-micro-sd-video-64-gb-hs-tf-c1-64g-hikvision","status":"publish","type":"product","link":"https:\/\/solucionsolar.cl\/solar\/producto\/tarjeta-micro-sd-video-64-gb-hs-tf-c1-64g-hikvision\/","title":{"rendered":"TARJETA MICRO SD VIDEO 64 GB HS-TF-C1\/64G HIKVISION"},"content":{"rendered":"<p>Es un dispositivo de almacenamiento de datos de alta capacidad dise\u00f1ado espec\u00edficamente para grabaciones de video. Ofrece una velocidad de lectura y escritura r\u00e1pida, lo que permite una transferencia de datos m\u00e1s eficiente y un rendimiento \u00f3ptimo. Es una excelente opci\u00f3n para c\u00e1maras de seguridad, drones, smartphones y otros dispositivos electr\u00f3nicos que requieren un almacenamiento de alta capacidad y velocidad.<\/p>\n","protected":false},"excerpt":{"rendered":"<p>Es un dispositivo de almacenamiento de datos de alta capacidad dise\u00f1ado espec\u00edficamente para grabaciones de video. Ofrece una velocidad de lectura y escritura r\u00e1pida, lo que permite una transferencia de datos m\u00e1s eficiente y un rendimiento \u00f3ptimo. Es una excelente opci\u00f3n para c\u00e1maras de seguridad, drones, smartphones y otros dispositivos electr\u00f3nicos que requieren un almacenamiento de alta capacidad y velocidad.<\/p>\n","protected":false},"featured_media":1442,"comment_status":"open","ping_status":"closed","template":"","meta":{"_joinchat":[]},"product_brand":[],"product_cat":[36],"product_tag":[],"class_list":{"0":"post-1443","1":"product","2":"type-product","3":"status-publish","4":"has-post-thumbnail","6":"product_cat-seguridad","8":"first","9":"instock","10":"shipping-taxable","11":"purchasable","12":"product-type-simple"},"ams_default_variation_id":0,"ams_product_points_reward":[],"ams_product_discount_percentage":0,"ams_price_to_display":11900,"ams_acf":[],"jetpack_sharing_enabled":true,"_links":{"self":[{"href":"https:\/\/solucionsolar.cl\/solar\/wp-json\/wp\/v2\/product\/1443","targetHints":{"allow":["GET"]}}],"collection":[{"href":"https:\/\/solucionsolar.cl\/solar\/wp-json\/wp\/v2\/product"}],"about":[{"href":"https:\/\/solucionsolar.cl\/solar\/wp-json\/wp\/v2\/types\/product"}],"replies":[{"embeddable":true,"href":"https:\/\/solucionsolar.cl\/solar\/wp-json\/wp\/v2\/comments?post=1443"}],"wp:featuredmedia":[{"embeddable":true,"href":"https:\/\/solucionsolar.cl\/solar\/wp-json\/wp\/v2\/media\/1442"}],"wp:attachment":[{"href":"https:\/\/solucionsolar.cl\/solar\/wp-json\/wp\/v2\/media?parent=1443"}],"wp:term":[{"taxonomy":"product_brand","embeddable":true,"href":"https:\/\/solucionsolar.cl\/solar\/wp-json\/wp\/v2\/product_brand?post=1443"},{"taxonomy":"product_cat","embeddable":true,"href":"https:\/\/solucionsolar.cl\/solar\/wp-json\/wp\/v2\/product_cat?post=1443"},{"taxonomy":"product_tag","embeddable":true,"href":"https:\/\/solucionsolar.cl\/solar\/wp-json\/wp\/v2\/product_tag?post=1443"}],"curies":[{"name":"wp","href":"https:\/\/api.w.org\/{rel}","templated":true}]}}