{"id":1445,"date":"2023-05-13T22:54:58","date_gmt":"2023-05-13T22:54:58","guid":{"rendered":"https:\/\/solucionsolar.cl\/solar\/producto\/automatico-1x32a-6k-c-ebasse\/"},"modified":"2023-05-13T22:54:58","modified_gmt":"2023-05-13T22:54:58","slug":"automatico-1x32a-6k-c-ebasse","status":"publish","type":"product","link":"https:\/\/solucionsolar.cl\/solar\/producto\/automatico-1x32a-6k-c-ebasse\/","title":{"rendered":"Autom\u00e1tico 1x32A 6K C EBASSE"},"content":{"rendered":"<p>Este es un interruptor autom\u00e1tico de un solo polo (1x) con capacidad de interrupci\u00f3n de 6 kiloamperios (6K) y una corriente nominal de 32 amperios (32A) fabricado por la marca EBASSE. Es utilizado en instalaciones el\u00e9ctricas para proteger los circuitos de sobrecargas y cortocircuitos.<\/p>\n","protected":false},"excerpt":{"rendered":"<p>Este es un interruptor autom\u00e1tico de un solo polo (1x) con capacidad de interrupci\u00f3n de 6 kiloamperios (6K) y una corriente nominal de 32 amperios (32A) fabricado por la marca EBASSE. Es utilizado en instalaciones el\u00e9ctricas para proteger los circuitos de sobrecargas y cortocircuitos.<\/p>\n","protected":false},"featured_media":1444,"comment_status":"open","ping_status":"closed","template":"","meta":{"_joinchat":[]},"product_brand":[],"product_cat":[16],"product_tag":[],"class_list":{"0":"post-1445","1":"product","2":"type-product","3":"status-publish","4":"has-post-thumbnail","6":"product_cat-electricidad","8":"first","9":"instock","10":"shipping-taxable","11":"purchasable","12":"product-type-simple"},"ams_default_variation_id":0,"ams_product_points_reward":[],"ams_product_discount_percentage":0,"ams_price_to_display":1800,"ams_acf":[],"jetpack_sharing_enabled":true,"_links":{"self":[{"href":"https:\/\/solucionsolar.cl\/solar\/wp-json\/wp\/v2\/product\/1445","targetHints":{"allow":["GET"]}}],"collection":[{"href":"https:\/\/solucionsolar.cl\/solar\/wp-json\/wp\/v2\/product"}],"about":[{"href":"https:\/\/solucionsolar.cl\/solar\/wp-json\/wp\/v2\/types\/product"}],"replies":[{"embeddable":true,"href":"https:\/\/solucionsolar.cl\/solar\/wp-json\/wp\/v2\/comments?post=1445"}],"wp:featuredmedia":[{"embeddable":true,"href":"https:\/\/solucionsolar.cl\/solar\/wp-json\/wp\/v2\/media\/1444"}],"wp:attachment":[{"href":"https:\/\/solucionsolar.cl\/solar\/wp-json\/wp\/v2\/media?parent=1445"}],"wp:term":[{"taxonomy":"product_brand","embeddable":true,"href":"https:\/\/solucionsolar.cl\/solar\/wp-json\/wp\/v2\/product_brand?post=1445"},{"taxonomy":"product_cat","embeddable":true,"href":"https:\/\/solucionsolar.cl\/solar\/wp-json\/wp\/v2\/product_cat?post=1445"},{"taxonomy":"product_tag","embeddable":true,"href":"https:\/\/solucionsolar.cl\/solar\/wp-json\/wp\/v2\/product_tag?post=1445"}],"curies":[{"name":"wp","href":"https:\/\/api.w.org\/{rel}","templated":true}]}}