{"id":1447,"date":"2023-05-13T22:54:59","date_gmt":"2023-05-13T22:54:59","guid":{"rendered":"https:\/\/solucionsolar.cl\/solar\/producto\/inversor-3000w-24v-220vac-kuhn\/"},"modified":"2023-05-13T22:54:59","modified_gmt":"2023-05-13T22:54:59","slug":"inversor-3000w-24v-220vac-kuhn","status":"publish","type":"product","link":"https:\/\/solucionsolar.cl\/solar\/producto\/inversor-3000w-24v-220vac-kuhn\/","title":{"rendered":"Inversor 3000W\/24V-220VAC KUHN"},"content":{"rendered":"<p>El inversor KUHN de 3000W convierte la energ\u00eda de la bater\u00eda de 24V en corriente alterna de 220V, lo que permite alimentar diferentes dispositivos el\u00e9ctricos. Cuenta con una alta eficiencia y una protecci\u00f3n completa contra sobrecarga, sobretensi\u00f3n, cortocircuitos y polaridad inversa.<\/p>\n","protected":false},"excerpt":{"rendered":"<p>El inversor KUHN de 3000W convierte la energ\u00eda de la bater\u00eda de 24V en corriente alterna de 220V, lo que permite alimentar diferentes dispositivos el\u00e9ctricos. Cuenta con una alta eficiencia y una protecci\u00f3n completa contra sobrecarga, sobretensi\u00f3n, cortocircuitos y polaridad inversa.<\/p>\n","protected":false},"featured_media":1446,"comment_status":"open","ping_status":"closed","template":"","meta":{"_joinchat":[]},"product_brand":[],"product_cat":[16],"product_tag":[],"class_list":{"0":"post-1447","1":"product","2":"type-product","3":"status-publish","4":"has-post-thumbnail","6":"product_cat-electricidad","8":"first","9":"instock","10":"shipping-taxable","11":"purchasable","12":"product-type-simple"},"ams_default_variation_id":0,"ams_product_points_reward":[],"ams_product_discount_percentage":0,"ams_price_to_display":574262,"ams_acf":[],"jetpack_sharing_enabled":true,"_links":{"self":[{"href":"https:\/\/solucionsolar.cl\/solar\/wp-json\/wp\/v2\/product\/1447","targetHints":{"allow":["GET"]}}],"collection":[{"href":"https:\/\/solucionsolar.cl\/solar\/wp-json\/wp\/v2\/product"}],"about":[{"href":"https:\/\/solucionsolar.cl\/solar\/wp-json\/wp\/v2\/types\/product"}],"replies":[{"embeddable":true,"href":"https:\/\/solucionsolar.cl\/solar\/wp-json\/wp\/v2\/comments?post=1447"}],"wp:featuredmedia":[{"embeddable":true,"href":"https:\/\/solucionsolar.cl\/solar\/wp-json\/wp\/v2\/media\/1446"}],"wp:attachment":[{"href":"https:\/\/solucionsolar.cl\/solar\/wp-json\/wp\/v2\/media?parent=1447"}],"wp:term":[{"taxonomy":"product_brand","embeddable":true,"href":"https:\/\/solucionsolar.cl\/solar\/wp-json\/wp\/v2\/product_brand?post=1447"},{"taxonomy":"product_cat","embeddable":true,"href":"https:\/\/solucionsolar.cl\/solar\/wp-json\/wp\/v2\/product_cat?post=1447"},{"taxonomy":"product_tag","embeddable":true,"href":"https:\/\/solucionsolar.cl\/solar\/wp-json\/wp\/v2\/product_tag?post=1447"}],"curies":[{"name":"wp","href":"https:\/\/api.w.org\/{rel}","templated":true}]}}