{"id":1449,"date":"2023-05-13T22:55:01","date_gmt":"2023-05-13T22:55:01","guid":{"rendered":"https:\/\/solucionsolar.cl\/solar\/producto\/automatico-2x32a-10ka-c-ls-electric\/"},"modified":"2023-05-13T22:55:01","modified_gmt":"2023-05-13T22:55:01","slug":"automatico-2x32a-10ka-c-ls-electric","status":"publish","type":"product","link":"https:\/\/solucionsolar.cl\/solar\/producto\/automatico-2x32a-10ka-c-ls-electric\/","title":{"rendered":"Autom\u00e1tico 2x32A 10KA C LS ELECTRIC"},"content":{"rendered":"<p>Este es un dispositivo de protecci\u00f3n el\u00e9ctrica utilizado en sistemas el\u00e9ctricos para proteger contra sobrecargas y cortocircuitos. Es un interruptor autom\u00e1tico de 2 polos, con una capacidad de interrupci\u00f3n de 10KA y una capacidad de corriente de 32 amperios por polo. Est\u00e1 fabricado por LS Electric y cumple con los est\u00e1ndares de seguridad el\u00e9ctrica.<\/p>\n","protected":false},"excerpt":{"rendered":"<p>Este es un dispositivo de protecci\u00f3n el\u00e9ctrica utilizado en sistemas el\u00e9ctricos para proteger contra sobrecargas y cortocircuitos. Es un interruptor autom\u00e1tico de 2 polos, con una capacidad de interrupci\u00f3n de 10KA y una capacidad de corriente de 32 amperios por polo. Est\u00e1 fabricado por LS Electric y cumple con los est\u00e1ndares de seguridad el\u00e9ctrica.<\/p>\n","protected":false},"featured_media":1448,"comment_status":"open","ping_status":"closed","template":"","meta":{"_joinchat":[]},"product_brand":[],"product_cat":[16],"product_tag":[],"class_list":{"0":"post-1449","1":"product","2":"type-product","3":"status-publish","4":"has-post-thumbnail","6":"product_cat-electricidad","8":"first","9":"instock","10":"shipping-taxable","11":"purchasable","12":"product-type-simple"},"ams_default_variation_id":0,"ams_product_points_reward":[],"ams_product_discount_percentage":0,"ams_price_to_display":11500,"ams_acf":[],"jetpack_sharing_enabled":true,"_links":{"self":[{"href":"https:\/\/solucionsolar.cl\/solar\/wp-json\/wp\/v2\/product\/1449","targetHints":{"allow":["GET"]}}],"collection":[{"href":"https:\/\/solucionsolar.cl\/solar\/wp-json\/wp\/v2\/product"}],"about":[{"href":"https:\/\/solucionsolar.cl\/solar\/wp-json\/wp\/v2\/types\/product"}],"replies":[{"embeddable":true,"href":"https:\/\/solucionsolar.cl\/solar\/wp-json\/wp\/v2\/comments?post=1449"}],"wp:featuredmedia":[{"embeddable":true,"href":"https:\/\/solucionsolar.cl\/solar\/wp-json\/wp\/v2\/media\/1448"}],"wp:attachment":[{"href":"https:\/\/solucionsolar.cl\/solar\/wp-json\/wp\/v2\/media?parent=1449"}],"wp:term":[{"taxonomy":"product_brand","embeddable":true,"href":"https:\/\/solucionsolar.cl\/solar\/wp-json\/wp\/v2\/product_brand?post=1449"},{"taxonomy":"product_cat","embeddable":true,"href":"https:\/\/solucionsolar.cl\/solar\/wp-json\/wp\/v2\/product_cat?post=1449"},{"taxonomy":"product_tag","embeddable":true,"href":"https:\/\/solucionsolar.cl\/solar\/wp-json\/wp\/v2\/product_tag?post=1449"}],"curies":[{"name":"wp","href":"https:\/\/api.w.org\/{rel}","templated":true}]}}