{"id":1452,"date":"2023-05-13T22:55:13","date_gmt":"2023-05-13T22:55:13","guid":{"rendered":"https:\/\/solucionsolar.cl\/solar\/producto\/porta-lampara-oval-e-27-lexo\/"},"modified":"2023-05-13T22:55:13","modified_gmt":"2023-05-13T22:55:13","slug":"porta-lampara-oval-e-27-lexo","status":"publish","type":"product","link":"https:\/\/solucionsolar.cl\/solar\/producto\/porta-lampara-oval-e-27-lexo\/","title":{"rendered":"Porta l\u00e1mpara oval E-27 LEXO"},"content":{"rendered":"<p>Es un dispositivo utilizado para sujetar y conectar una ampolleta tipo E-27 en una luminaria o l\u00e1mpara. Este modelo en particular tiene una forma ovalada y est\u00e1 dise\u00f1ado para l\u00e1mparas de techo o pared. El porta l\u00e1mpara cuenta con dos patas de conexi\u00f3n para la alimentaci\u00f3n el\u00e9ctrica de la ampolleta y una rosca para fijarla en su lugar. Est\u00e1 fabricado con materiales de alta calidad y cuenta con certificaci\u00f3n de seguridad el\u00e9ctrica.<\/p>\n","protected":false},"excerpt":{"rendered":"<p>Es un dispositivo utilizado para sujetar y conectar una ampolleta tipo E-27 en una luminaria o l\u00e1mpara. Este modelo en particular tiene una forma ovalada y est\u00e1 dise\u00f1ado para l\u00e1mparas de techo o pared. El porta l\u00e1mpara cuenta con dos patas de conexi\u00f3n para la alimentaci\u00f3n el\u00e9ctrica de la ampolleta y una rosca para fijarla en su lugar. Est\u00e1 fabricado [&hellip;]<\/p>\n","protected":false},"featured_media":1137,"comment_status":"open","ping_status":"closed","template":"","meta":{"_joinchat":[]},"product_brand":[],"product_cat":[16],"product_tag":[],"class_list":{"0":"post-1452","1":"product","2":"type-product","3":"status-publish","4":"has-post-thumbnail","6":"product_cat-electricidad","8":"first","9":"instock","10":"shipping-taxable","11":"purchasable","12":"product-type-simple"},"ams_default_variation_id":0,"ams_product_points_reward":[],"ams_product_discount_percentage":0,"ams_price_to_display":1500,"ams_acf":[],"jetpack_sharing_enabled":true,"_links":{"self":[{"href":"https:\/\/solucionsolar.cl\/solar\/wp-json\/wp\/v2\/product\/1452","targetHints":{"allow":["GET"]}}],"collection":[{"href":"https:\/\/solucionsolar.cl\/solar\/wp-json\/wp\/v2\/product"}],"about":[{"href":"https:\/\/solucionsolar.cl\/solar\/wp-json\/wp\/v2\/types\/product"}],"replies":[{"embeddable":true,"href":"https:\/\/solucionsolar.cl\/solar\/wp-json\/wp\/v2\/comments?post=1452"}],"wp:featuredmedia":[{"embeddable":true,"href":"https:\/\/solucionsolar.cl\/solar\/wp-json\/wp\/v2\/media\/1137"}],"wp:attachment":[{"href":"https:\/\/solucionsolar.cl\/solar\/wp-json\/wp\/v2\/media?parent=1452"}],"wp:term":[{"taxonomy":"product_brand","embeddable":true,"href":"https:\/\/solucionsolar.cl\/solar\/wp-json\/wp\/v2\/product_brand?post=1452"},{"taxonomy":"product_cat","embeddable":true,"href":"https:\/\/solucionsolar.cl\/solar\/wp-json\/wp\/v2\/product_cat?post=1452"},{"taxonomy":"product_tag","embeddable":true,"href":"https:\/\/solucionsolar.cl\/solar\/wp-json\/wp\/v2\/product_tag?post=1452"}],"curies":[{"name":"wp","href":"https:\/\/api.w.org\/{rel}","templated":true}]}}