{"id":1454,"date":"2023-05-13T22:55:17","date_gmt":"2023-05-13T22:55:17","guid":{"rendered":"https:\/\/solucionsolar.cl\/solar\/producto\/conector-rapido-ip68-cnp25-4p-16a-05-25mm-250v\/"},"modified":"2023-05-13T22:55:17","modified_gmt":"2023-05-13T22:55:17","slug":"conector-rapido-ip68-cnp25-4p-16a-05-25mm-250v","status":"publish","type":"product","link":"https:\/\/solucionsolar.cl\/solar\/producto\/conector-rapido-ip68-cnp25-4p-16a-05-25mm-250v\/","title":{"rendered":"Conector r\u00e1pido IP68 CNP25-4P 16A 0,5-2,5mm 250V"},"content":{"rendered":"<p>Es un conector el\u00e9ctrico herm\u00e9tico con capacidad de 16A, voltaje de 250V y una secci\u00f3n de cable adecuada para un rango de 0,5 a 2,5 mm. Es resistente al agua y al polvo, con una clasificaci\u00f3n IP68, lo que lo hace adecuado para su uso en aplicaciones al aire libre y en condiciones h\u00famedas o sucias. Adem\u00e1s, este conector cuenta con cuatro polos para permitir la conexi\u00f3n y desconexi\u00f3n r\u00e1pida y segura de los cables el\u00e9ctricos.<\/p>\n","protected":false},"excerpt":{"rendered":"<p>Es un conector el\u00e9ctrico herm\u00e9tico con capacidad de 16A, voltaje de 250V y una secci\u00f3n de cable adecuada para un rango de 0,5 a 2,5 mm. Es resistente al agua y al polvo, con una clasificaci\u00f3n IP68, lo que lo hace adecuado para su uso en aplicaciones al aire libre y en condiciones h\u00famedas o sucias. Adem\u00e1s, este conector cuenta [&hellip;]<\/p>\n","protected":false},"featured_media":1453,"comment_status":"open","ping_status":"closed","template":"","meta":{"_joinchat":[]},"product_brand":[],"product_cat":[16],"product_tag":[],"class_list":{"0":"post-1454","1":"product","2":"type-product","3":"status-publish","4":"has-post-thumbnail","6":"product_cat-electricidad","8":"first","9":"instock","10":"shipping-taxable","11":"purchasable","12":"product-type-simple"},"ams_default_variation_id":0,"ams_product_points_reward":[],"ams_product_discount_percentage":0,"ams_price_to_display":3500,"ams_acf":[],"jetpack_sharing_enabled":true,"_links":{"self":[{"href":"https:\/\/solucionsolar.cl\/solar\/wp-json\/wp\/v2\/product\/1454","targetHints":{"allow":["GET"]}}],"collection":[{"href":"https:\/\/solucionsolar.cl\/solar\/wp-json\/wp\/v2\/product"}],"about":[{"href":"https:\/\/solucionsolar.cl\/solar\/wp-json\/wp\/v2\/types\/product"}],"replies":[{"embeddable":true,"href":"https:\/\/solucionsolar.cl\/solar\/wp-json\/wp\/v2\/comments?post=1454"}],"wp:featuredmedia":[{"embeddable":true,"href":"https:\/\/solucionsolar.cl\/solar\/wp-json\/wp\/v2\/media\/1453"}],"wp:attachment":[{"href":"https:\/\/solucionsolar.cl\/solar\/wp-json\/wp\/v2\/media?parent=1454"}],"wp:term":[{"taxonomy":"product_brand","embeddable":true,"href":"https:\/\/solucionsolar.cl\/solar\/wp-json\/wp\/v2\/product_brand?post=1454"},{"taxonomy":"product_cat","embeddable":true,"href":"https:\/\/solucionsolar.cl\/solar\/wp-json\/wp\/v2\/product_cat?post=1454"},{"taxonomy":"product_tag","embeddable":true,"href":"https:\/\/solucionsolar.cl\/solar\/wp-json\/wp\/v2\/product_tag?post=1454"}],"curies":[{"name":"wp","href":"https:\/\/api.w.org\/{rel}","templated":true}]}}