{"id":1456,"date":"2023-05-13T22:55:21","date_gmt":"2023-05-13T22:55:21","guid":{"rendered":"https:\/\/solucionsolar.cl\/solar\/producto\/regleta-de-conexion-bronce-aislada-para-riel-din-6-polos-colores\/"},"modified":"2023-05-13T22:55:21","modified_gmt":"2023-05-13T22:55:21","slug":"regleta-de-conexion-bronce-aislada-para-riel-din-6-polos-colores","status":"publish","type":"product","link":"https:\/\/solucionsolar.cl\/solar\/producto\/regleta-de-conexion-bronce-aislada-para-riel-din-6-polos-colores\/","title":{"rendered":"Regleta de conexi\u00f3n bronce aislada para riel DIN 6 Polos Colores"},"content":{"rendered":"<p>La regleta est\u00e1 dise\u00f1ada para facilitar la conexi\u00f3n de cables el\u00e9ctricos en sistemas de control y distribuci\u00f3n de energ\u00eda. Es compatible con diferentes tipos de cables y se instala f\u00e1cilmente en rieles DIN est\u00e1ndar. La aislaci\u00f3n de los polos permite evitar cortocircuitos y garantiza una conexi\u00f3n segura y confiable.<\/p>\n","protected":false},"excerpt":{"rendered":"<p>La regleta est\u00e1 dise\u00f1ada para facilitar la conexi\u00f3n de cables el\u00e9ctricos en sistemas de control y distribuci\u00f3n de energ\u00eda. Es compatible con diferentes tipos de cables y se instala f\u00e1cilmente en rieles DIN est\u00e1ndar. La aislaci\u00f3n de los polos permite evitar cortocircuitos y garantiza una conexi\u00f3n segura y confiable.<\/p>\n","protected":false},"featured_media":1455,"comment_status":"open","ping_status":"closed","template":"","meta":{"_joinchat":[]},"product_brand":[],"product_cat":[16],"product_tag":[],"class_list":{"0":"post-1456","1":"product","2":"type-product","3":"status-publish","4":"has-post-thumbnail","6":"product_cat-electricidad","8":"first","9":"instock","10":"shipping-taxable","11":"purchasable","12":"product-type-simple"},"ams_default_variation_id":0,"ams_product_points_reward":[],"ams_product_discount_percentage":0,"ams_price_to_display":1000,"ams_acf":[],"jetpack_sharing_enabled":true,"_links":{"self":[{"href":"https:\/\/solucionsolar.cl\/solar\/wp-json\/wp\/v2\/product\/1456","targetHints":{"allow":["GET"]}}],"collection":[{"href":"https:\/\/solucionsolar.cl\/solar\/wp-json\/wp\/v2\/product"}],"about":[{"href":"https:\/\/solucionsolar.cl\/solar\/wp-json\/wp\/v2\/types\/product"}],"replies":[{"embeddable":true,"href":"https:\/\/solucionsolar.cl\/solar\/wp-json\/wp\/v2\/comments?post=1456"}],"wp:featuredmedia":[{"embeddable":true,"href":"https:\/\/solucionsolar.cl\/solar\/wp-json\/wp\/v2\/media\/1455"}],"wp:attachment":[{"href":"https:\/\/solucionsolar.cl\/solar\/wp-json\/wp\/v2\/media?parent=1456"}],"wp:term":[{"taxonomy":"product_brand","embeddable":true,"href":"https:\/\/solucionsolar.cl\/solar\/wp-json\/wp\/v2\/product_brand?post=1456"},{"taxonomy":"product_cat","embeddable":true,"href":"https:\/\/solucionsolar.cl\/solar\/wp-json\/wp\/v2\/product_cat?post=1456"},{"taxonomy":"product_tag","embeddable":true,"href":"https:\/\/solucionsolar.cl\/solar\/wp-json\/wp\/v2\/product_tag?post=1456"}],"curies":[{"name":"wp","href":"https:\/\/api.w.org\/{rel}","templated":true}]}}