{"id":1459,"date":"2023-05-13T22:55:26","date_gmt":"2023-05-13T22:55:26","guid":{"rendered":"https:\/\/solucionsolar.cl\/solar\/producto\/adaptador-e27-e14\/"},"modified":"2023-05-13T22:55:26","modified_gmt":"2023-05-13T22:55:26","slug":"adaptador-e27-e14","status":"publish","type":"product","link":"https:\/\/solucionsolar.cl\/solar\/producto\/adaptador-e27-e14\/","title":{"rendered":"Adaptador E27 &#8211; E14"},"content":{"rendered":"<p>Es un dispositivo que permite convertir una base de l\u00e1mpara E27 en una base E14. Esto permite utilizar una ampolleta con base E14 en una luminaria que normalmente utiliza ampolletas con base E27. Es \u00fatil cuando se necesita utilizar una ampolleta de menor tama\u00f1o en una luminaria que solo acepta ampolletas de mayor tama\u00f1o.<\/p>\n","protected":false},"excerpt":{"rendered":"<p>Es un dispositivo que permite convertir una base de l\u00e1mpara E27 en una base E14. Esto permite utilizar una ampolleta con base E14 en una luminaria que normalmente utiliza ampolletas con base E27. Es \u00fatil cuando se necesita utilizar una ampolleta de menor tama\u00f1o en una luminaria que solo acepta ampolletas de mayor tama\u00f1o.<\/p>\n","protected":false},"featured_media":1458,"comment_status":"open","ping_status":"closed","template":"","meta":{"_joinchat":[]},"product_brand":[],"product_cat":[16],"product_tag":[],"class_list":{"0":"post-1459","1":"product","2":"type-product","3":"status-publish","4":"has-post-thumbnail","6":"product_cat-electricidad","8":"first","9":"instock","10":"shipping-taxable","11":"purchasable","12":"product-type-simple"},"ams_default_variation_id":0,"ams_product_points_reward":[],"ams_product_discount_percentage":0,"ams_price_to_display":1000,"ams_acf":[],"jetpack_sharing_enabled":true,"_links":{"self":[{"href":"https:\/\/solucionsolar.cl\/solar\/wp-json\/wp\/v2\/product\/1459","targetHints":{"allow":["GET"]}}],"collection":[{"href":"https:\/\/solucionsolar.cl\/solar\/wp-json\/wp\/v2\/product"}],"about":[{"href":"https:\/\/solucionsolar.cl\/solar\/wp-json\/wp\/v2\/types\/product"}],"replies":[{"embeddable":true,"href":"https:\/\/solucionsolar.cl\/solar\/wp-json\/wp\/v2\/comments?post=1459"}],"wp:featuredmedia":[{"embeddable":true,"href":"https:\/\/solucionsolar.cl\/solar\/wp-json\/wp\/v2\/media\/1458"}],"wp:attachment":[{"href":"https:\/\/solucionsolar.cl\/solar\/wp-json\/wp\/v2\/media?parent=1459"}],"wp:term":[{"taxonomy":"product_brand","embeddable":true,"href":"https:\/\/solucionsolar.cl\/solar\/wp-json\/wp\/v2\/product_brand?post=1459"},{"taxonomy":"product_cat","embeddable":true,"href":"https:\/\/solucionsolar.cl\/solar\/wp-json\/wp\/v2\/product_cat?post=1459"},{"taxonomy":"product_tag","embeddable":true,"href":"https:\/\/solucionsolar.cl\/solar\/wp-json\/wp\/v2\/product_tag?post=1459"}],"curies":[{"name":"wp","href":"https:\/\/api.w.org\/{rel}","templated":true}]}}