{"id":1460,"date":"2023-05-13T22:55:26","date_gmt":"2023-05-13T22:55:26","guid":{"rendered":"https:\/\/solucionsolar.cl\/solar\/producto\/cable-trifilar-plano-2x6mm2-1x25mm2-mt\/"},"modified":"2023-05-13T22:55:26","modified_gmt":"2023-05-13T22:55:26","slug":"cable-trifilar-plano-2x6mm2-1x25mm2-mt","status":"publish","type":"product","link":"https:\/\/solucionsolar.cl\/solar\/producto\/cable-trifilar-plano-2x6mm2-1x25mm2-mt\/","title":{"rendered":"Cable trifilar plano 2x6mm2 + 1&#215;2,5mm2 (mt)"},"content":{"rendered":"<p>Este es un cable el\u00e9ctrico plano que consta de tres conductores, dos de ellos de secci\u00f3n 6mm2 y uno de secci\u00f3n 2,5mm2. Est\u00e1 dise\u00f1ado para instalaciones el\u00e9ctricas que requieren de un cableado plano y flexible, como por ejemplo en la instalaci\u00f3n de persianas el\u00e9ctricas. La combinaci\u00f3n de los conductores de diferente secci\u00f3n permite una alimentaci\u00f3n adecuada del motor y de los elementos de control de la persiana. El cable puede ser vendido por metros para ajustarse a las necesidades de la instalaci\u00f3n.<\/p>\n","protected":false},"excerpt":{"rendered":"<p>Este es un cable el\u00e9ctrico plano que consta de tres conductores, dos de ellos de secci\u00f3n 6mm2 y uno de secci\u00f3n 2,5mm2. Est\u00e1 dise\u00f1ado para instalaciones el\u00e9ctricas que requieren de un cableado plano y flexible, como por ejemplo en la instalaci\u00f3n de persianas el\u00e9ctricas. La combinaci\u00f3n de los conductores de diferente secci\u00f3n permite una alimentaci\u00f3n adecuada del motor y de [&hellip;]<\/p>\n","protected":false},"featured_media":1418,"comment_status":"open","ping_status":"closed","template":"","meta":{"_joinchat":[]},"product_brand":[],"product_cat":[16],"product_tag":[],"class_list":{"0":"post-1460","1":"product","2":"type-product","3":"status-publish","4":"has-post-thumbnail","6":"product_cat-electricidad","8":"first","9":"instock","10":"shipping-taxable","11":"purchasable","12":"product-type-simple"},"ams_default_variation_id":0,"ams_product_points_reward":[],"ams_product_discount_percentage":0,"ams_price_to_display":3200,"ams_acf":[],"jetpack_sharing_enabled":true,"_links":{"self":[{"href":"https:\/\/solucionsolar.cl\/solar\/wp-json\/wp\/v2\/product\/1460","targetHints":{"allow":["GET"]}}],"collection":[{"href":"https:\/\/solucionsolar.cl\/solar\/wp-json\/wp\/v2\/product"}],"about":[{"href":"https:\/\/solucionsolar.cl\/solar\/wp-json\/wp\/v2\/types\/product"}],"replies":[{"embeddable":true,"href":"https:\/\/solucionsolar.cl\/solar\/wp-json\/wp\/v2\/comments?post=1460"}],"wp:featuredmedia":[{"embeddable":true,"href":"https:\/\/solucionsolar.cl\/solar\/wp-json\/wp\/v2\/media\/1418"}],"wp:attachment":[{"href":"https:\/\/solucionsolar.cl\/solar\/wp-json\/wp\/v2\/media?parent=1460"}],"wp:term":[{"taxonomy":"product_brand","embeddable":true,"href":"https:\/\/solucionsolar.cl\/solar\/wp-json\/wp\/v2\/product_brand?post=1460"},{"taxonomy":"product_cat","embeddable":true,"href":"https:\/\/solucionsolar.cl\/solar\/wp-json\/wp\/v2\/product_cat?post=1460"},{"taxonomy":"product_tag","embeddable":true,"href":"https:\/\/solucionsolar.cl\/solar\/wp-json\/wp\/v2\/product_tag?post=1460"}],"curies":[{"name":"wp","href":"https:\/\/api.w.org\/{rel}","templated":true}]}}