{"id":1464,"date":"2023-05-13T22:55:29","date_gmt":"2023-05-13T22:55:29","guid":{"rendered":"https:\/\/solucionsolar.cl\/solar\/producto\/cable-h05vv-f-2x25mm-negro-1mt\/"},"modified":"2023-05-13T22:55:29","modified_gmt":"2023-05-13T22:55:29","slug":"cable-h05vv-f-2x25mm-negro-1mt","status":"publish","type":"product","link":"https:\/\/solucionsolar.cl\/solar\/producto\/cable-h05vv-f-2x25mm-negro-1mt\/","title":{"rendered":"Cable H05VV-F 2&#215;2,5mm Negro 1mt"},"content":{"rendered":"<p>Es un tipo de cable el\u00e9ctrico flexible utilizado en aplicaciones de baja tensi\u00f3n y corriente, generalmente en instalaciones fijas de interior, electrodom\u00e9sticos y herramientas el\u00e9ctricas. El cable H05VV-F 2&#215;2,5mm Negro tiene dos conductores con secci\u00f3n transversal de 2,5 mm\u00b2 cada uno, recubiertos por un aislamiento de PVC de color negro. Este cable es adecuado para aplicaciones que requieren una mayor capacidad de corriente y una menor p\u00e9rdida de energ\u00eda. Se vende por metros.<\/p>\n","protected":false},"excerpt":{"rendered":"<p>Es un tipo de cable el\u00e9ctrico flexible utilizado en aplicaciones de baja tensi\u00f3n y corriente, generalmente en instalaciones fijas de interior, electrodom\u00e9sticos y herramientas el\u00e9ctricas. El cable H05VV-F 2&#215;2,5mm Negro tiene dos conductores con secci\u00f3n transversal de 2,5 mm\u00b2 cada uno, recubiertos por un aislamiento de PVC de color negro. Este cable es adecuado para aplicaciones que requieren una mayor [&hellip;]<\/p>\n","protected":false},"featured_media":1424,"comment_status":"open","ping_status":"closed","template":"","meta":{"_joinchat":[]},"product_brand":[],"product_cat":[16],"product_tag":[],"class_list":{"0":"post-1464","1":"product","2":"type-product","3":"status-publish","4":"has-post-thumbnail","6":"product_cat-electricidad","8":"first","9":"instock","10":"shipping-taxable","11":"purchasable","12":"product-type-simple"},"ams_default_variation_id":0,"ams_product_points_reward":[],"ams_product_discount_percentage":0,"ams_price_to_display":1150,"ams_acf":[],"jetpack_sharing_enabled":true,"_links":{"self":[{"href":"https:\/\/solucionsolar.cl\/solar\/wp-json\/wp\/v2\/product\/1464","targetHints":{"allow":["GET"]}}],"collection":[{"href":"https:\/\/solucionsolar.cl\/solar\/wp-json\/wp\/v2\/product"}],"about":[{"href":"https:\/\/solucionsolar.cl\/solar\/wp-json\/wp\/v2\/types\/product"}],"replies":[{"embeddable":true,"href":"https:\/\/solucionsolar.cl\/solar\/wp-json\/wp\/v2\/comments?post=1464"}],"wp:featuredmedia":[{"embeddable":true,"href":"https:\/\/solucionsolar.cl\/solar\/wp-json\/wp\/v2\/media\/1424"}],"wp:attachment":[{"href":"https:\/\/solucionsolar.cl\/solar\/wp-json\/wp\/v2\/media?parent=1464"}],"wp:term":[{"taxonomy":"product_brand","embeddable":true,"href":"https:\/\/solucionsolar.cl\/solar\/wp-json\/wp\/v2\/product_brand?post=1464"},{"taxonomy":"product_cat","embeddable":true,"href":"https:\/\/solucionsolar.cl\/solar\/wp-json\/wp\/v2\/product_cat?post=1464"},{"taxonomy":"product_tag","embeddable":true,"href":"https:\/\/solucionsolar.cl\/solar\/wp-json\/wp\/v2\/product_tag?post=1464"}],"curies":[{"name":"wp","href":"https:\/\/api.w.org\/{rel}","templated":true}]}}