{"id":1466,"date":"2023-05-13T22:55:31","date_gmt":"2023-05-13T22:55:31","guid":{"rendered":"https:\/\/solucionsolar.cl\/solar\/producto\/camara-ip-4mp-acusense-2-8mm-hikvision\/"},"modified":"2023-05-13T22:55:31","modified_gmt":"2023-05-13T22:55:31","slug":"camara-ip-4mp-acusense-2-8mm-hikvision","status":"publish","type":"product","link":"https:\/\/solucionsolar.cl\/solar\/producto\/camara-ip-4mp-acusense-2-8mm-hikvision\/","title":{"rendered":"C\u00e1mara IP 4MP Acusense 2.8mm HIKVISION"},"content":{"rendered":"<p>Es un dispositivo de seguridad de alta calidad que ofrece una resoluci\u00f3n de 4 megap\u00edxeles y una lente fija de 2.8mm. Es compatible con la tecnolog\u00eda Acusense, lo que significa que puede detectar y distinguir entre diferentes tipos de objetos, como personas y veh\u00edculos, y enviar notificaciones en tiempo real en caso de detectar una actividad sospechosa. Adem\u00e1s, esta c\u00e1mara IP cuenta con un dise\u00f1o resistente al clima y al agua, por lo que es adecuada para su uso en exteriores.<\/p>\n","protected":false},"excerpt":{"rendered":"<p>Es un dispositivo de seguridad de alta calidad que ofrece una resoluci\u00f3n de 4 megap\u00edxeles y una lente fija de 2.8mm. Es compatible con la tecnolog\u00eda Acusense, lo que significa que puede detectar y distinguir entre diferentes tipos de objetos, como personas y veh\u00edculos, y enviar notificaciones en tiempo real en caso de detectar una actividad sospechosa. Adem\u00e1s, esta c\u00e1mara [&hellip;]<\/p>\n","protected":false},"featured_media":1465,"comment_status":"open","ping_status":"closed","template":"","meta":{"_joinchat":[]},"product_brand":[],"product_cat":[36],"product_tag":[],"class_list":{"0":"post-1466","1":"product","2":"type-product","3":"status-publish","4":"has-post-thumbnail","6":"product_cat-seguridad","8":"first","9":"instock","10":"shipping-taxable","11":"purchasable","12":"product-type-simple"},"ams_default_variation_id":0,"ams_product_points_reward":[],"ams_product_discount_percentage":0,"ams_price_to_display":180000,"ams_acf":[],"jetpack_sharing_enabled":true,"_links":{"self":[{"href":"https:\/\/solucionsolar.cl\/solar\/wp-json\/wp\/v2\/product\/1466","targetHints":{"allow":["GET"]}}],"collection":[{"href":"https:\/\/solucionsolar.cl\/solar\/wp-json\/wp\/v2\/product"}],"about":[{"href":"https:\/\/solucionsolar.cl\/solar\/wp-json\/wp\/v2\/types\/product"}],"replies":[{"embeddable":true,"href":"https:\/\/solucionsolar.cl\/solar\/wp-json\/wp\/v2\/comments?post=1466"}],"wp:featuredmedia":[{"embeddable":true,"href":"https:\/\/solucionsolar.cl\/solar\/wp-json\/wp\/v2\/media\/1465"}],"wp:attachment":[{"href":"https:\/\/solucionsolar.cl\/solar\/wp-json\/wp\/v2\/media?parent=1466"}],"wp:term":[{"taxonomy":"product_brand","embeddable":true,"href":"https:\/\/solucionsolar.cl\/solar\/wp-json\/wp\/v2\/product_brand?post=1466"},{"taxonomy":"product_cat","embeddable":true,"href":"https:\/\/solucionsolar.cl\/solar\/wp-json\/wp\/v2\/product_cat?post=1466"},{"taxonomy":"product_tag","embeddable":true,"href":"https:\/\/solucionsolar.cl\/solar\/wp-json\/wp\/v2\/product_tag?post=1466"}],"curies":[{"name":"wp","href":"https:\/\/api.w.org\/{rel}","templated":true}]}}