{"id":1468,"date":"2023-05-13T22:55:32","date_gmt":"2023-05-13T22:55:32","guid":{"rendered":"https:\/\/solucionsolar.cl\/solar\/producto\/cable-thhn-10awg-colores-1-mt\/"},"modified":"2023-05-13T22:55:32","modified_gmt":"2023-05-13T22:55:32","slug":"cable-thhn-10awg-colores-1-mt","status":"publish","type":"product","link":"https:\/\/solucionsolar.cl\/solar\/producto\/cable-thhn-10awg-colores-1-mt\/","title":{"rendered":"Cable THHN 10AWG Colores (1 mt)"},"content":{"rendered":"<p>El Cable THHN 10AWG Colores (1 mt) es un cable el\u00e9ctrico de cobre s\u00f3lido con aislamiento de PVC termopl\u00e1stico de alta calidad y resistencia. Tiene un calibre de 10AWG (American Wire Gauge), lo que significa que es adecuado para manejar corrientes el\u00e9ctricas de hasta 30 amperios. Viene en una longitud de 1 metro y est\u00e1 disponible en varios colores para facilitar la identificaci\u00f3n y la organizaci\u00f3n de los cables en proyectos el\u00e9ctricos y de cableado.<\/p>\n","protected":false},"excerpt":{"rendered":"<p>El Cable THHN 10AWG Colores (1 mt) es un cable el\u00e9ctrico de cobre s\u00f3lido con aislamiento de PVC termopl\u00e1stico de alta calidad y resistencia. Tiene un calibre de 10AWG (American Wire Gauge), lo que significa que es adecuado para manejar corrientes el\u00e9ctricas de hasta 30 amperios. Viene en una longitud de 1 metro y est\u00e1 disponible en varios colores para [&hellip;]<\/p>\n","protected":false},"featured_media":1467,"comment_status":"open","ping_status":"closed","template":"","meta":{"_joinchat":[]},"product_brand":[],"product_cat":[16],"product_tag":[],"class_list":{"0":"post-1468","1":"product","2":"type-product","3":"status-publish","4":"has-post-thumbnail","6":"product_cat-electricidad","8":"first","9":"instock","10":"shipping-taxable","11":"purchasable","12":"product-type-simple"},"ams_default_variation_id":0,"ams_product_points_reward":[],"ams_product_discount_percentage":0,"ams_price_to_display":850,"ams_acf":[],"jetpack_sharing_enabled":true,"_links":{"self":[{"href":"https:\/\/solucionsolar.cl\/solar\/wp-json\/wp\/v2\/product\/1468","targetHints":{"allow":["GET"]}}],"collection":[{"href":"https:\/\/solucionsolar.cl\/solar\/wp-json\/wp\/v2\/product"}],"about":[{"href":"https:\/\/solucionsolar.cl\/solar\/wp-json\/wp\/v2\/types\/product"}],"replies":[{"embeddable":true,"href":"https:\/\/solucionsolar.cl\/solar\/wp-json\/wp\/v2\/comments?post=1468"}],"wp:featuredmedia":[{"embeddable":true,"href":"https:\/\/solucionsolar.cl\/solar\/wp-json\/wp\/v2\/media\/1467"}],"wp:attachment":[{"href":"https:\/\/solucionsolar.cl\/solar\/wp-json\/wp\/v2\/media?parent=1468"}],"wp:term":[{"taxonomy":"product_brand","embeddable":true,"href":"https:\/\/solucionsolar.cl\/solar\/wp-json\/wp\/v2\/product_brand?post=1468"},{"taxonomy":"product_cat","embeddable":true,"href":"https:\/\/solucionsolar.cl\/solar\/wp-json\/wp\/v2\/product_cat?post=1468"},{"taxonomy":"product_tag","embeddable":true,"href":"https:\/\/solucionsolar.cl\/solar\/wp-json\/wp\/v2\/product_tag?post=1468"}],"curies":[{"name":"wp","href":"https:\/\/api.w.org\/{rel}","templated":true}]}}