{"id":1472,"date":"2023-05-13T22:55:41","date_gmt":"2023-05-13T22:55:41","guid":{"rendered":"https:\/\/solucionsolar.cl\/solar\/producto\/luminaria-solar-250w-c-sensor-de-movimiento-logic\/"},"modified":"2023-05-13T22:55:41","modified_gmt":"2023-05-13T22:55:41","slug":"luminaria-solar-250w-c-sensor-de-movimiento-logic","status":"publish","type":"product","link":"https:\/\/solucionsolar.cl\/solar\/producto\/luminaria-solar-250w-c-sensor-de-movimiento-logic\/","title":{"rendered":"Luminaria Solar 250W c\/sensor de movimiento LOGIC"},"content":{"rendered":"<p>La Luminaria Solar 250W c\/sensor de movimiento LOGIC es un sistema de iluminaci\u00f3n LED que funciona con energ\u00eda solar y tiene una potencia de 250 vatios. Est\u00e1 equipada con un sensor de movimiento que detecta la presencia de personas u objetos en su \u00e1rea de cobertura y enciende autom\u00e1ticamente la luz.<\/p>\n","protected":false},"excerpt":{"rendered":"<p>La Luminaria Solar 250W c\/sensor de movimiento LOGIC es un sistema de iluminaci\u00f3n LED que funciona con energ\u00eda solar y tiene una potencia de 250 vatios. Est\u00e1 equipada con un sensor de movimiento que detecta la presencia de personas u objetos en su \u00e1rea de cobertura y enciende autom\u00e1ticamente la luz.<\/p>\n","protected":false},"featured_media":1471,"comment_status":"open","ping_status":"closed","template":"","meta":{"_joinchat":[]},"product_brand":[],"product_cat":[31],"product_tag":[],"class_list":{"0":"post-1472","1":"product","2":"type-product","3":"status-publish","4":"has-post-thumbnail","6":"product_cat-solar","8":"first","9":"instock","10":"shipping-taxable","11":"purchasable","12":"product-type-simple"},"ams_default_variation_id":0,"ams_product_points_reward":[],"ams_product_discount_percentage":0,"ams_price_to_display":45000,"ams_acf":[],"jetpack_sharing_enabled":true,"_links":{"self":[{"href":"https:\/\/solucionsolar.cl\/solar\/wp-json\/wp\/v2\/product\/1472","targetHints":{"allow":["GET"]}}],"collection":[{"href":"https:\/\/solucionsolar.cl\/solar\/wp-json\/wp\/v2\/product"}],"about":[{"href":"https:\/\/solucionsolar.cl\/solar\/wp-json\/wp\/v2\/types\/product"}],"replies":[{"embeddable":true,"href":"https:\/\/solucionsolar.cl\/solar\/wp-json\/wp\/v2\/comments?post=1472"}],"wp:featuredmedia":[{"embeddable":true,"href":"https:\/\/solucionsolar.cl\/solar\/wp-json\/wp\/v2\/media\/1471"}],"wp:attachment":[{"href":"https:\/\/solucionsolar.cl\/solar\/wp-json\/wp\/v2\/media?parent=1472"}],"wp:term":[{"taxonomy":"product_brand","embeddable":true,"href":"https:\/\/solucionsolar.cl\/solar\/wp-json\/wp\/v2\/product_brand?post=1472"},{"taxonomy":"product_cat","embeddable":true,"href":"https:\/\/solucionsolar.cl\/solar\/wp-json\/wp\/v2\/product_cat?post=1472"},{"taxonomy":"product_tag","embeddable":true,"href":"https:\/\/solucionsolar.cl\/solar\/wp-json\/wp\/v2\/product_tag?post=1472"}],"curies":[{"name":"wp","href":"https:\/\/api.w.org\/{rel}","templated":true}]}}