{"id":149,"date":"2023-05-13T22:22:30","date_gmt":"2023-05-13T22:22:30","guid":{"rendered":"https:\/\/solucionsolar.cl\/solar\/producto\/caja-distribucion-c-oreja-metalica-loza\/"},"modified":"2023-05-13T22:22:30","modified_gmt":"2023-05-13T22:22:30","slug":"caja-distribucion-c-oreja-metalica-loza","status":"publish","type":"product","link":"https:\/\/solucionsolar.cl\/solar\/producto\/caja-distribucion-c-oreja-metalica-loza\/","title":{"rendered":"Caja distribuci\u00f3n c\/oreja met\u00e1lica loza"},"content":{"rendered":"<p>La caja de distribuci\u00f3n con oreja met\u00e1lica y cuerpo de loza es un elemento utilizado en instalaciones el\u00e9ctricas para alojar y proteger los cables y conexiones el\u00e9ctricas. Su cuerpo de loza y oreja met\u00e1lica proporcionan resistencia y durabilidad. Es com\u00fanmente utilizado en aplicaciones dom\u00e9sticas y comerciales para conectar y distribuir la energ\u00eda el\u00e9ctrica de manera segura y eficiente.<\/p>\n","protected":false},"excerpt":{"rendered":"<p>La caja de distribuci\u00f3n con oreja met\u00e1lica y cuerpo de loza es un elemento utilizado en instalaciones el\u00e9ctricas para alojar y proteger los cables y conexiones el\u00e9ctricas. Su cuerpo de loza y oreja met\u00e1lica proporcionan resistencia y durabilidad. Es com\u00fanmente utilizado en aplicaciones dom\u00e9sticas y comerciales para conectar y distribuir la energ\u00eda el\u00e9ctrica de manera segura y eficiente.<\/p>\n","protected":false},"featured_media":0,"comment_status":"open","ping_status":"closed","template":"","meta":{"_joinchat":[]},"product_brand":[],"product_cat":[17],"product_tag":[],"class_list":{"0":"post-149","1":"product","2":"type-product","3":"status-publish","5":"product_cat-ferreteria","7":"first","8":"instock","9":"shipping-taxable","10":"purchasable","11":"product-type-simple"},"ams_default_variation_id":0,"ams_product_points_reward":[],"ams_product_discount_percentage":0,"ams_price_to_display":390,"ams_acf":[],"jetpack_sharing_enabled":true,"_links":{"self":[{"href":"https:\/\/solucionsolar.cl\/solar\/wp-json\/wp\/v2\/product\/149","targetHints":{"allow":["GET"]}}],"collection":[{"href":"https:\/\/solucionsolar.cl\/solar\/wp-json\/wp\/v2\/product"}],"about":[{"href":"https:\/\/solucionsolar.cl\/solar\/wp-json\/wp\/v2\/types\/product"}],"replies":[{"embeddable":true,"href":"https:\/\/solucionsolar.cl\/solar\/wp-json\/wp\/v2\/comments?post=149"}],"wp:attachment":[{"href":"https:\/\/solucionsolar.cl\/solar\/wp-json\/wp\/v2\/media?parent=149"}],"wp:term":[{"taxonomy":"product_brand","embeddable":true,"href":"https:\/\/solucionsolar.cl\/solar\/wp-json\/wp\/v2\/product_brand?post=149"},{"taxonomy":"product_cat","embeddable":true,"href":"https:\/\/solucionsolar.cl\/solar\/wp-json\/wp\/v2\/product_cat?post=149"},{"taxonomy":"product_tag","embeddable":true,"href":"https:\/\/solucionsolar.cl\/solar\/wp-json\/wp\/v2\/product_tag?post=149"}],"curies":[{"name":"wp","href":"https:\/\/api.w.org\/{rel}","templated":true}]}}