{"id":153,"date":"2023-05-13T22:22:37","date_gmt":"2023-05-13T22:22:37","guid":{"rendered":"https:\/\/solucionsolar.cl\/solar\/producto\/abrazadera-tipo-omega-metalica-25mm\/"},"modified":"2023-05-13T22:22:37","modified_gmt":"2023-05-13T22:22:37","slug":"abrazadera-tipo-omega-metalica-25mm","status":"publish","type":"product","link":"https:\/\/solucionsolar.cl\/solar\/producto\/abrazadera-tipo-omega-metalica-25mm\/","title":{"rendered":"Abrazadera tipo omega met\u00e1lica 25mm"},"content":{"rendered":"<p>Es un dispositivo de sujeci\u00f3n utilizado para fijar tuber\u00edas de diferentes materiales con un di\u00e1metro exterior de 25mm en su lugar. Est\u00e1 dise\u00f1ada en forma de \u00abU\u00bb con una placa base y dos brazos que se curvan hacia el interior, creando un espacio para sujetar la tuber\u00eda.<\/p>\n","protected":false},"excerpt":{"rendered":"<p>Es un dispositivo de sujeci\u00f3n utilizado para fijar tuber\u00edas de diferentes materiales con un di\u00e1metro exterior de 25mm en su lugar. Est\u00e1 dise\u00f1ada en forma de \u00abU\u00bb con una placa base y dos brazos que se curvan hacia el interior, creando un espacio para sujetar la tuber\u00eda.<\/p>\n","protected":false},"featured_media":152,"comment_status":"open","ping_status":"closed","template":"","meta":{"_joinchat":[]},"product_brand":[],"product_cat":[19,16],"product_tag":[],"class_list":{"0":"post-153","1":"product","2":"type-product","3":"status-publish","4":"has-post-thumbnail","6":"product_cat-abrazaderas","7":"product_cat-electricidad","9":"first","10":"instock","11":"shipping-taxable","12":"purchasable","13":"product-type-simple"},"ams_default_variation_id":0,"ams_product_points_reward":[],"ams_product_discount_percentage":0,"ams_price_to_display":150,"ams_acf":[],"jetpack_sharing_enabled":true,"_links":{"self":[{"href":"https:\/\/solucionsolar.cl\/solar\/wp-json\/wp\/v2\/product\/153","targetHints":{"allow":["GET"]}}],"collection":[{"href":"https:\/\/solucionsolar.cl\/solar\/wp-json\/wp\/v2\/product"}],"about":[{"href":"https:\/\/solucionsolar.cl\/solar\/wp-json\/wp\/v2\/types\/product"}],"replies":[{"embeddable":true,"href":"https:\/\/solucionsolar.cl\/solar\/wp-json\/wp\/v2\/comments?post=153"}],"wp:featuredmedia":[{"embeddable":true,"href":"https:\/\/solucionsolar.cl\/solar\/wp-json\/wp\/v2\/media\/152"}],"wp:attachment":[{"href":"https:\/\/solucionsolar.cl\/solar\/wp-json\/wp\/v2\/media?parent=153"}],"wp:term":[{"taxonomy":"product_brand","embeddable":true,"href":"https:\/\/solucionsolar.cl\/solar\/wp-json\/wp\/v2\/product_brand?post=153"},{"taxonomy":"product_cat","embeddable":true,"href":"https:\/\/solucionsolar.cl\/solar\/wp-json\/wp\/v2\/product_cat?post=153"},{"taxonomy":"product_tag","embeddable":true,"href":"https:\/\/solucionsolar.cl\/solar\/wp-json\/wp\/v2\/product_tag?post=153"}],"curies":[{"name":"wp","href":"https:\/\/api.w.org\/{rel}","templated":true}]}}