{"id":157,"date":"2023-05-13T22:22:40","date_gmt":"2023-05-13T22:22:40","guid":{"rendered":"https:\/\/solucionsolar.cl\/solar\/producto\/balde-construccion-12-lt\/"},"modified":"2023-05-13T22:22:40","modified_gmt":"2023-05-13T22:22:40","slug":"balde-construccion-12-lt","status":"publish","type":"product","link":"https:\/\/solucionsolar.cl\/solar\/producto\/balde-construccion-12-lt\/","title":{"rendered":"Balde construcci\u00f3n 12 Lt"},"content":{"rendered":"<p>Recipiente de pl\u00e1stico resistente utilizado en proyectos de construcci\u00f3n y renovaci\u00f3n para transportar y mezclar materiales como cemento, mortero, yeso, pintura y otros productos de construcci\u00f3n. Su capacidad de 12 litros lo hace ideal para proyectos de tama\u00f1o mediano.<\/p>\n","protected":false},"excerpt":{"rendered":"<p>Recipiente de pl\u00e1stico resistente utilizado en proyectos de construcci\u00f3n y renovaci\u00f3n para transportar y mezclar materiales como cemento, mortero, yeso, pintura y otros productos de construcci\u00f3n. Su capacidad de 12 litros lo hace ideal para proyectos de tama\u00f1o mediano.<\/p>\n","protected":false},"featured_media":156,"comment_status":"open","ping_status":"closed","template":"","meta":{"_joinchat":[]},"product_brand":[],"product_cat":[23,17],"product_tag":[],"class_list":{"0":"post-157","1":"product","2":"type-product","3":"status-publish","4":"has-post-thumbnail","6":"product_cat-casa-y-jardin","7":"product_cat-ferreteria","9":"first","10":"instock","11":"shipping-taxable","12":"purchasable","13":"product-type-simple"},"ams_default_variation_id":0,"ams_product_points_reward":[],"ams_product_discount_percentage":0,"ams_price_to_display":2000,"ams_acf":[],"jetpack_sharing_enabled":true,"_links":{"self":[{"href":"https:\/\/solucionsolar.cl\/solar\/wp-json\/wp\/v2\/product\/157","targetHints":{"allow":["GET"]}}],"collection":[{"href":"https:\/\/solucionsolar.cl\/solar\/wp-json\/wp\/v2\/product"}],"about":[{"href":"https:\/\/solucionsolar.cl\/solar\/wp-json\/wp\/v2\/types\/product"}],"replies":[{"embeddable":true,"href":"https:\/\/solucionsolar.cl\/solar\/wp-json\/wp\/v2\/comments?post=157"}],"wp:featuredmedia":[{"embeddable":true,"href":"https:\/\/solucionsolar.cl\/solar\/wp-json\/wp\/v2\/media\/156"}],"wp:attachment":[{"href":"https:\/\/solucionsolar.cl\/solar\/wp-json\/wp\/v2\/media?parent=157"}],"wp:term":[{"taxonomy":"product_brand","embeddable":true,"href":"https:\/\/solucionsolar.cl\/solar\/wp-json\/wp\/v2\/product_brand?post=157"},{"taxonomy":"product_cat","embeddable":true,"href":"https:\/\/solucionsolar.cl\/solar\/wp-json\/wp\/v2\/product_cat?post=157"},{"taxonomy":"product_tag","embeddable":true,"href":"https:\/\/solucionsolar.cl\/solar\/wp-json\/wp\/v2\/product_tag?post=157"}],"curies":[{"name":"wp","href":"https:\/\/api.w.org\/{rel}","templated":true}]}}