{"id":161,"date":"2023-05-13T22:22:43","date_gmt":"2023-05-13T22:22:43","guid":{"rendered":"https:\/\/solucionsolar.cl\/solar\/producto\/riel-din-perforado-35x7-5mm-1mt\/"},"modified":"2023-05-13T22:22:43","modified_gmt":"2023-05-13T22:22:43","slug":"riel-din-perforado-35x7-5mm-1mt","status":"publish","type":"product","link":"https:\/\/solucionsolar.cl\/solar\/producto\/riel-din-perforado-35x7-5mm-1mt\/","title":{"rendered":"Riel DIN perforado 35&#215;7.5mm 1mt"},"content":{"rendered":"<p>El Riel DIN perforado 35&#215;7.5mm 1mt es un carril de metal est\u00e1ndar utilizado para la instalaci\u00f3n de componentes el\u00e9ctricos y electr\u00f3nicos en armarios y cajas de control. Tiene una longitud de un metro, un ancho de 35 mm y una altura de 7.5 mm, y presenta agujeros perforados a lo largo de su longitud para facilitar la fijaci\u00f3n de los componentes.<\/p>\n","protected":false},"excerpt":{"rendered":"<p>El Riel DIN perforado 35&#215;7.5mm 1mt es un carril de metal est\u00e1ndar utilizado para la instalaci\u00f3n de componentes el\u00e9ctricos y electr\u00f3nicos en armarios y cajas de control. Tiene una longitud de un metro, un ancho de 35 mm y una altura de 7.5 mm, y presenta agujeros perforados a lo largo de su longitud para facilitar la fijaci\u00f3n de los [&hellip;]<\/p>\n","protected":false},"featured_media":160,"comment_status":"open","ping_status":"closed","template":"","meta":{"_joinchat":[]},"product_brand":[],"product_cat":[17],"product_tag":[],"class_list":{"0":"post-161","1":"product","2":"type-product","3":"status-publish","4":"has-post-thumbnail","6":"product_cat-ferreteria","8":"first","9":"instock","10":"shipping-taxable","11":"purchasable","12":"product-type-simple"},"ams_default_variation_id":0,"ams_product_points_reward":[],"ams_product_discount_percentage":0,"ams_price_to_display":2200,"ams_acf":[],"jetpack_sharing_enabled":true,"_links":{"self":[{"href":"https:\/\/solucionsolar.cl\/solar\/wp-json\/wp\/v2\/product\/161","targetHints":{"allow":["GET"]}}],"collection":[{"href":"https:\/\/solucionsolar.cl\/solar\/wp-json\/wp\/v2\/product"}],"about":[{"href":"https:\/\/solucionsolar.cl\/solar\/wp-json\/wp\/v2\/types\/product"}],"replies":[{"embeddable":true,"href":"https:\/\/solucionsolar.cl\/solar\/wp-json\/wp\/v2\/comments?post=161"}],"wp:featuredmedia":[{"embeddable":true,"href":"https:\/\/solucionsolar.cl\/solar\/wp-json\/wp\/v2\/media\/160"}],"wp:attachment":[{"href":"https:\/\/solucionsolar.cl\/solar\/wp-json\/wp\/v2\/media?parent=161"}],"wp:term":[{"taxonomy":"product_brand","embeddable":true,"href":"https:\/\/solucionsolar.cl\/solar\/wp-json\/wp\/v2\/product_brand?post=161"},{"taxonomy":"product_cat","embeddable":true,"href":"https:\/\/solucionsolar.cl\/solar\/wp-json\/wp\/v2\/product_cat?post=161"},{"taxonomy":"product_tag","embeddable":true,"href":"https:\/\/solucionsolar.cl\/solar\/wp-json\/wp\/v2\/product_tag?post=161"}],"curies":[{"name":"wp","href":"https:\/\/api.w.org\/{rel}","templated":true}]}}