{"id":162,"date":"2023-05-13T22:22:44","date_gmt":"2023-05-13T22:22:44","guid":{"rendered":"https:\/\/solucionsolar.cl\/solar\/producto\/abrazadera-pvc-25mm-naranja\/"},"modified":"2023-05-13T22:22:44","modified_gmt":"2023-05-13T22:22:44","slug":"abrazadera-pvc-25mm-naranja","status":"publish","type":"product","link":"https:\/\/solucionsolar.cl\/solar\/producto\/abrazadera-pvc-25mm-naranja\/","title":{"rendered":"Abrazadera pvc 25mm naranja"},"content":{"rendered":"<p>Es un dispositivo de sujeci\u00f3n utilizado para fijar tuber\u00edas de PVC con un di\u00e1metro exterior de 25mm en su lugar. Est\u00e1 hecha de PVC, lo que le proporciona una gran resistencia y durabilidad, y es de color naranja para facilitar su identificaci\u00f3n.<\/p>\n","protected":false},"excerpt":{"rendered":"<p>Es un dispositivo de sujeci\u00f3n utilizado para fijar tuber\u00edas de PVC con un di\u00e1metro exterior de 25mm en su lugar. Est\u00e1 hecha de PVC, lo que le proporciona una gran resistencia y durabilidad, y es de color naranja para facilitar su identificaci\u00f3n.<\/p>\n","protected":false},"featured_media":99,"comment_status":"open","ping_status":"closed","template":"","meta":{"_joinchat":[]},"product_brand":[],"product_cat":[19,16],"product_tag":[],"class_list":{"0":"post-162","1":"product","2":"type-product","3":"status-publish","4":"has-post-thumbnail","6":"product_cat-abrazaderas","7":"product_cat-electricidad","9":"first","10":"instock","11":"shipping-taxable","12":"purchasable","13":"product-type-simple"},"ams_default_variation_id":0,"ams_product_points_reward":[],"ams_product_discount_percentage":0,"ams_price_to_display":100,"ams_acf":[],"jetpack_sharing_enabled":true,"_links":{"self":[{"href":"https:\/\/solucionsolar.cl\/solar\/wp-json\/wp\/v2\/product\/162","targetHints":{"allow":["GET"]}}],"collection":[{"href":"https:\/\/solucionsolar.cl\/solar\/wp-json\/wp\/v2\/product"}],"about":[{"href":"https:\/\/solucionsolar.cl\/solar\/wp-json\/wp\/v2\/types\/product"}],"replies":[{"embeddable":true,"href":"https:\/\/solucionsolar.cl\/solar\/wp-json\/wp\/v2\/comments?post=162"}],"wp:featuredmedia":[{"embeddable":true,"href":"https:\/\/solucionsolar.cl\/solar\/wp-json\/wp\/v2\/media\/99"}],"wp:attachment":[{"href":"https:\/\/solucionsolar.cl\/solar\/wp-json\/wp\/v2\/media?parent=162"}],"wp:term":[{"taxonomy":"product_brand","embeddable":true,"href":"https:\/\/solucionsolar.cl\/solar\/wp-json\/wp\/v2\/product_brand?post=162"},{"taxonomy":"product_cat","embeddable":true,"href":"https:\/\/solucionsolar.cl\/solar\/wp-json\/wp\/v2\/product_cat?post=162"},{"taxonomy":"product_tag","embeddable":true,"href":"https:\/\/solucionsolar.cl\/solar\/wp-json\/wp\/v2\/product_tag?post=162"}],"curies":[{"name":"wp","href":"https:\/\/api.w.org\/{rel}","templated":true}]}}