{"id":1632,"date":"2023-05-15T22:54:20","date_gmt":"2023-05-15T22:54:20","guid":{"rendered":"https:\/\/solucionsolar.cl\/solar\/producto\/manguera-de-nivel-1-2-transparente-1mt\/"},"modified":"2023-05-15T22:54:20","modified_gmt":"2023-05-15T22:54:20","slug":"manguera-de-nivel-1-2-transparente-1mt","status":"publish","type":"product","link":"https:\/\/solucionsolar.cl\/solar\/producto\/manguera-de-nivel-1-2-transparente-1mt\/","title":{"rendered":"Manguera de nivel 1\/2&#8243; transparente 1mt"},"content":{"rendered":"<p>Una manguera de nivel de 1\/2&#8243; transparente de 1 metro es una manguera de pl\u00e1stico utilizada para medir el nivel de l\u00edquidos en un recipiente. Tiene un di\u00e1metro interno de 1\/2&#8243; y est\u00e1 hecha de un material resistente para garantizar una larga vida \u00fatil.<\/p>\n","protected":false},"excerpt":{"rendered":"<p>Una manguera de nivel de 1\/2&#8243; transparente de 1 metro es una manguera de pl\u00e1stico utilizada para medir el nivel de l\u00edquidos en un recipiente. Tiene un di\u00e1metro interno de 1\/2&#8243; y est\u00e1 hecha de un material resistente para garantizar una larga vida \u00fatil.<\/p>\n","protected":false},"featured_media":1631,"comment_status":"open","ping_status":"closed","template":"","meta":{"_joinchat":[]},"product_brand":[],"product_cat":[17],"product_tag":[],"class_list":{"0":"post-1632","1":"product","2":"type-product","3":"status-publish","4":"has-post-thumbnail","6":"product_cat-ferreteria","8":"first","9":"instock","10":"shipping-taxable","11":"purchasable","12":"product-type-simple"},"ams_default_variation_id":0,"ams_product_points_reward":[],"ams_product_discount_percentage":0,"ams_price_to_display":600,"ams_acf":[],"jetpack_sharing_enabled":true,"_links":{"self":[{"href":"https:\/\/solucionsolar.cl\/solar\/wp-json\/wp\/v2\/product\/1632","targetHints":{"allow":["GET"]}}],"collection":[{"href":"https:\/\/solucionsolar.cl\/solar\/wp-json\/wp\/v2\/product"}],"about":[{"href":"https:\/\/solucionsolar.cl\/solar\/wp-json\/wp\/v2\/types\/product"}],"replies":[{"embeddable":true,"href":"https:\/\/solucionsolar.cl\/solar\/wp-json\/wp\/v2\/comments?post=1632"}],"wp:featuredmedia":[{"embeddable":true,"href":"https:\/\/solucionsolar.cl\/solar\/wp-json\/wp\/v2\/media\/1631"}],"wp:attachment":[{"href":"https:\/\/solucionsolar.cl\/solar\/wp-json\/wp\/v2\/media?parent=1632"}],"wp:term":[{"taxonomy":"product_brand","embeddable":true,"href":"https:\/\/solucionsolar.cl\/solar\/wp-json\/wp\/v2\/product_brand?post=1632"},{"taxonomy":"product_cat","embeddable":true,"href":"https:\/\/solucionsolar.cl\/solar\/wp-json\/wp\/v2\/product_cat?post=1632"},{"taxonomy":"product_tag","embeddable":true,"href":"https:\/\/solucionsolar.cl\/solar\/wp-json\/wp\/v2\/product_tag?post=1632"}],"curies":[{"name":"wp","href":"https:\/\/api.w.org\/{rel}","templated":true}]}}