{"id":1636,"date":"2023-05-15T22:54:27","date_gmt":"2023-05-15T22:54:27","guid":{"rendered":"https:\/\/solucionsolar.cl\/solar\/producto\/cable-utp-cat-6-aleacion-mt\/"},"modified":"2023-05-15T22:54:27","modified_gmt":"2023-05-15T22:54:27","slug":"cable-utp-cat-6-aleacion-mt","status":"publish","type":"product","link":"https:\/\/solucionsolar.cl\/solar\/producto\/cable-utp-cat-6-aleacion-mt\/","title":{"rendered":"Cable UTP CAT 6 Aleaci\u00f3n (mt)"},"content":{"rendered":"<p>Es un cable de red de cobre de par trenzado sin blindaje, que se utiliza para la transmisi\u00f3n de datos en redes inform\u00e1ticas de alta velocidad.<\/p>\n<p>Este cable se caracteriza por cumplir con los est\u00e1ndares de la categor\u00eda 6 de cableado estructurado, lo que significa que es capaz de soportar una velocidad de transmisi\u00f3n de hasta 10 Gigabits por segundo (Gbps) a una distancia m\u00e1xima de 100 metros.<\/p>\n","protected":false},"excerpt":{"rendered":"<p>Es un cable de red de cobre de par trenzado sin blindaje, que se utiliza para la transmisi\u00f3n de datos en redes inform\u00e1ticas de alta velocidad. Este cable se caracteriza por cumplir con los est\u00e1ndares de la categor\u00eda 6 de cableado estructurado, lo que significa que es capaz de soportar una velocidad de transmisi\u00f3n de hasta 10 Gigabits por segundo [&hellip;]<\/p>\n","protected":false},"featured_media":1635,"comment_status":"open","ping_status":"closed","template":"","meta":{"_joinchat":[]},"product_brand":[],"product_cat":[18,16],"product_tag":[],"class_list":{"0":"post-1636","1":"product","2":"type-product","3":"status-publish","4":"has-post-thumbnail","6":"product_cat-cables","7":"product_cat-electricidad","9":"first","10":"instock","11":"shipping-taxable","12":"purchasable","13":"product-type-simple"},"ams_default_variation_id":0,"ams_product_points_reward":[],"ams_product_discount_percentage":0,"ams_price_to_display":220,"ams_acf":[],"jetpack_sharing_enabled":true,"_links":{"self":[{"href":"https:\/\/solucionsolar.cl\/solar\/wp-json\/wp\/v2\/product\/1636","targetHints":{"allow":["GET"]}}],"collection":[{"href":"https:\/\/solucionsolar.cl\/solar\/wp-json\/wp\/v2\/product"}],"about":[{"href":"https:\/\/solucionsolar.cl\/solar\/wp-json\/wp\/v2\/types\/product"}],"replies":[{"embeddable":true,"href":"https:\/\/solucionsolar.cl\/solar\/wp-json\/wp\/v2\/comments?post=1636"}],"wp:featuredmedia":[{"embeddable":true,"href":"https:\/\/solucionsolar.cl\/solar\/wp-json\/wp\/v2\/media\/1635"}],"wp:attachment":[{"href":"https:\/\/solucionsolar.cl\/solar\/wp-json\/wp\/v2\/media?parent=1636"}],"wp:term":[{"taxonomy":"product_brand","embeddable":true,"href":"https:\/\/solucionsolar.cl\/solar\/wp-json\/wp\/v2\/product_brand?post=1636"},{"taxonomy":"product_cat","embeddable":true,"href":"https:\/\/solucionsolar.cl\/solar\/wp-json\/wp\/v2\/product_cat?post=1636"},{"taxonomy":"product_tag","embeddable":true,"href":"https:\/\/solucionsolar.cl\/solar\/wp-json\/wp\/v2\/product_tag?post=1636"}],"curies":[{"name":"wp","href":"https:\/\/api.w.org\/{rel}","templated":true}]}}