{"id":1652,"date":"2023-05-15T22:54:58","date_gmt":"2023-05-15T22:54:58","guid":{"rendered":"https:\/\/solucionsolar.cl\/solar\/producto\/conector-de-bronce-para-barra-cooper-1-2\/"},"modified":"2023-05-15T22:54:58","modified_gmt":"2023-05-15T22:54:58","slug":"conector-de-bronce-para-barra-cooper-1-2","status":"publish","type":"product","link":"https:\/\/solucionsolar.cl\/solar\/producto\/conector-de-bronce-para-barra-cooper-1-2\/","title":{"rendered":"Conector de bronce para barra cooper 1\/2&#8243;"},"content":{"rendered":"<p>Un conector de bronce para barra de cobre de 1\/2&#8243; es un accesorio utilizado en instalaciones el\u00e9ctricas para unir y asegurar dos barras de cobre de 1\/2&#8243; de di\u00e1metro. Est\u00e1 hecho de bronce, un material resistente a la corrosi\u00f3n y altas temperaturas, lo que garantiza una conexi\u00f3n duradera y confiable.<\/p>\n","protected":false},"excerpt":{"rendered":"<p>Un conector de bronce para barra de cobre de 1\/2&#8243; es un accesorio utilizado en instalaciones el\u00e9ctricas para unir y asegurar dos barras de cobre de 1\/2&#8243; de di\u00e1metro. Est\u00e1 hecho de bronce, un material resistente a la corrosi\u00f3n y altas temperaturas, lo que garantiza una conexi\u00f3n duradera y confiable.<\/p>\n","protected":false},"featured_media":1651,"comment_status":"open","ping_status":"closed","template":"","meta":{"_joinchat":[]},"product_brand":[],"product_cat":[17],"product_tag":[],"class_list":{"0":"post-1652","1":"product","2":"type-product","3":"status-publish","4":"has-post-thumbnail","6":"product_cat-ferreteria","8":"first","9":"instock","10":"shipping-taxable","11":"purchasable","12":"product-type-simple"},"ams_default_variation_id":0,"ams_product_points_reward":[],"ams_product_discount_percentage":0,"ams_price_to_display":1300,"ams_acf":[],"jetpack_sharing_enabled":true,"_links":{"self":[{"href":"https:\/\/solucionsolar.cl\/solar\/wp-json\/wp\/v2\/product\/1652","targetHints":{"allow":["GET"]}}],"collection":[{"href":"https:\/\/solucionsolar.cl\/solar\/wp-json\/wp\/v2\/product"}],"about":[{"href":"https:\/\/solucionsolar.cl\/solar\/wp-json\/wp\/v2\/types\/product"}],"replies":[{"embeddable":true,"href":"https:\/\/solucionsolar.cl\/solar\/wp-json\/wp\/v2\/comments?post=1652"}],"wp:featuredmedia":[{"embeddable":true,"href":"https:\/\/solucionsolar.cl\/solar\/wp-json\/wp\/v2\/media\/1651"}],"wp:attachment":[{"href":"https:\/\/solucionsolar.cl\/solar\/wp-json\/wp\/v2\/media?parent=1652"}],"wp:term":[{"taxonomy":"product_brand","embeddable":true,"href":"https:\/\/solucionsolar.cl\/solar\/wp-json\/wp\/v2\/product_brand?post=1652"},{"taxonomy":"product_cat","embeddable":true,"href":"https:\/\/solucionsolar.cl\/solar\/wp-json\/wp\/v2\/product_cat?post=1652"},{"taxonomy":"product_tag","embeddable":true,"href":"https:\/\/solucionsolar.cl\/solar\/wp-json\/wp\/v2\/product_tag?post=1652"}],"curies":[{"name":"wp","href":"https:\/\/api.w.org\/{rel}","templated":true}]}}