{"id":1654,"date":"2023-05-15T22:55:03","date_gmt":"2023-05-15T22:55:03","guid":{"rendered":"https:\/\/solucionsolar.cl\/solar\/producto\/tornillo-para-madera-zincado-6x1-5-8-100-unidades\/"},"modified":"2023-05-15T22:55:03","modified_gmt":"2023-05-15T22:55:03","slug":"tornillo-para-madera-zincado-6x1-5-8-100-unidades","status":"publish","type":"product","link":"https:\/\/solucionsolar.cl\/solar\/producto\/tornillo-para-madera-zincado-6x1-5-8-100-unidades\/","title":{"rendered":"Tornillo para madera zincado 6&#215;1 5\/8&#8243; 100 Unidades"},"content":{"rendered":"<p>Los Tornillos para Madera Zincado de 6&#215;1 5\/8&#8243; en paquete de 100 unidades son un tipo de sujetador de rosca dise\u00f1ado espec\u00edficamente para unir madera. El revestimiento de zincado protege contra la corrosi\u00f3n, lo que los hace ideales para aplicaciones interiores y exteriores.<\/p>\n","protected":false},"excerpt":{"rendered":"<p>Los Tornillos para Madera Zincado de 6&#215;1 5\/8&#8243; en paquete de 100 unidades son un tipo de sujetador de rosca dise\u00f1ado espec\u00edficamente para unir madera. El revestimiento de zincado protege contra la corrosi\u00f3n, lo que los hace ideales para aplicaciones interiores y exteriores.<\/p>\n","protected":false},"featured_media":1653,"comment_status":"open","ping_status":"closed","template":"","meta":{"_joinchat":[]},"product_brand":[],"product_cat":[17,24],"product_tag":[],"class_list":{"0":"post-1654","1":"product","2":"type-product","3":"status-publish","4":"has-post-thumbnail","6":"product_cat-ferreteria","7":"product_cat-tornillos","9":"first","10":"instock","11":"shipping-taxable","12":"purchasable","13":"product-type-simple"},"ams_default_variation_id":0,"ams_product_points_reward":[],"ams_product_discount_percentage":0,"ams_price_to_display":1500,"ams_acf":[],"jetpack_sharing_enabled":true,"_links":{"self":[{"href":"https:\/\/solucionsolar.cl\/solar\/wp-json\/wp\/v2\/product\/1654","targetHints":{"allow":["GET"]}}],"collection":[{"href":"https:\/\/solucionsolar.cl\/solar\/wp-json\/wp\/v2\/product"}],"about":[{"href":"https:\/\/solucionsolar.cl\/solar\/wp-json\/wp\/v2\/types\/product"}],"replies":[{"embeddable":true,"href":"https:\/\/solucionsolar.cl\/solar\/wp-json\/wp\/v2\/comments?post=1654"}],"wp:featuredmedia":[{"embeddable":true,"href":"https:\/\/solucionsolar.cl\/solar\/wp-json\/wp\/v2\/media\/1653"}],"wp:attachment":[{"href":"https:\/\/solucionsolar.cl\/solar\/wp-json\/wp\/v2\/media?parent=1654"}],"wp:term":[{"taxonomy":"product_brand","embeddable":true,"href":"https:\/\/solucionsolar.cl\/solar\/wp-json\/wp\/v2\/product_brand?post=1654"},{"taxonomy":"product_cat","embeddable":true,"href":"https:\/\/solucionsolar.cl\/solar\/wp-json\/wp\/v2\/product_cat?post=1654"},{"taxonomy":"product_tag","embeddable":true,"href":"https:\/\/solucionsolar.cl\/solar\/wp-json\/wp\/v2\/product_tag?post=1654"}],"curies":[{"name":"wp","href":"https:\/\/api.w.org\/{rel}","templated":true}]}}