{"id":1657,"date":"2023-05-15T22:55:17","date_gmt":"2023-05-15T22:55:17","guid":{"rendered":"https:\/\/solucionsolar.cl\/solar\/producto\/terminal-para-emt-25mm\/"},"modified":"2023-05-15T22:55:17","modified_gmt":"2023-05-15T22:55:17","slug":"terminal-para-emt-25mm","status":"publish","type":"product","link":"https:\/\/solucionsolar.cl\/solar\/producto\/terminal-para-emt-25mm\/","title":{"rendered":"Terminal para EMT 25mm"},"content":{"rendered":"<p>Un terminal para EMT de 25mm es un accesorio utilizado en instalaciones el\u00e9ctricas para sujetar y asegurar un conducto met\u00e1lico flexible de 25mm de di\u00e1metro exterior (EMT). Ayuda a proteger los cables el\u00e9ctricos y permite una f\u00e1cil conexi\u00f3n y desconexi\u00f3n en la instalaci\u00f3n.<\/p>\n","protected":false},"excerpt":{"rendered":"<p>Un terminal para EMT de 25mm es un accesorio utilizado en instalaciones el\u00e9ctricas para sujetar y asegurar un conducto met\u00e1lico flexible de 25mm de di\u00e1metro exterior (EMT). Ayuda a proteger los cables el\u00e9ctricos y permite una f\u00e1cil conexi\u00f3n y desconexi\u00f3n en la instalaci\u00f3n.<\/p>\n","protected":false},"featured_media":1656,"comment_status":"open","ping_status":"closed","template":"","meta":{"_joinchat":[]},"product_brand":[],"product_cat":[17],"product_tag":[],"class_list":{"0":"post-1657","1":"product","2":"type-product","3":"status-publish","4":"has-post-thumbnail","6":"product_cat-ferreteria","8":"first","9":"instock","10":"shipping-taxable","11":"purchasable","12":"product-type-simple"},"ams_default_variation_id":0,"ams_product_points_reward":[],"ams_product_discount_percentage":0,"ams_price_to_display":650,"ams_acf":[],"jetpack_sharing_enabled":true,"_links":{"self":[{"href":"https:\/\/solucionsolar.cl\/solar\/wp-json\/wp\/v2\/product\/1657","targetHints":{"allow":["GET"]}}],"collection":[{"href":"https:\/\/solucionsolar.cl\/solar\/wp-json\/wp\/v2\/product"}],"about":[{"href":"https:\/\/solucionsolar.cl\/solar\/wp-json\/wp\/v2\/types\/product"}],"replies":[{"embeddable":true,"href":"https:\/\/solucionsolar.cl\/solar\/wp-json\/wp\/v2\/comments?post=1657"}],"wp:featuredmedia":[{"embeddable":true,"href":"https:\/\/solucionsolar.cl\/solar\/wp-json\/wp\/v2\/media\/1656"}],"wp:attachment":[{"href":"https:\/\/solucionsolar.cl\/solar\/wp-json\/wp\/v2\/media?parent=1657"}],"wp:term":[{"taxonomy":"product_brand","embeddable":true,"href":"https:\/\/solucionsolar.cl\/solar\/wp-json\/wp\/v2\/product_brand?post=1657"},{"taxonomy":"product_cat","embeddable":true,"href":"https:\/\/solucionsolar.cl\/solar\/wp-json\/wp\/v2\/product_cat?post=1657"},{"taxonomy":"product_tag","embeddable":true,"href":"https:\/\/solucionsolar.cl\/solar\/wp-json\/wp\/v2\/product_tag?post=1657"}],"curies":[{"name":"wp","href":"https:\/\/api.w.org\/{rel}","templated":true}]}}