{"id":1664,"date":"2023-05-15T22:55:25","date_gmt":"2023-05-15T22:55:25","guid":{"rendered":"https:\/\/solucionsolar.cl\/solar\/producto\/cancamo-pequeno\/"},"modified":"2023-05-15T22:55:25","modified_gmt":"2023-05-15T22:55:25","slug":"cancamo-pequeno","status":"publish","type":"product","link":"https:\/\/solucionsolar.cl\/solar\/producto\/cancamo-pequeno\/","title":{"rendered":"C\u00e1ncamo peque\u00f1o"},"content":{"rendered":"<p>Un c\u00e1ncamo peque\u00f1o es un accesorio de elevaci\u00f3n utilizado para levantar cargas ligeras. Consiste en un cuerpo con forma de anillo en un extremo y un v\u00e1stago roscado en el otro extremo, lo que permite su sujeci\u00f3n a diferentes objetos.<\/p>\n","protected":false},"excerpt":{"rendered":"<p>Un c\u00e1ncamo peque\u00f1o es un accesorio de elevaci\u00f3n utilizado para levantar cargas ligeras. Consiste en un cuerpo con forma de anillo en un extremo y un v\u00e1stago roscado en el otro extremo, lo que permite su sujeci\u00f3n a diferentes objetos.<\/p>\n","protected":false},"featured_media":1663,"comment_status":"open","ping_status":"closed","template":"","meta":{"_joinchat":[]},"product_brand":[],"product_cat":[26,17],"product_tag":[],"class_list":{"0":"post-1664","1":"product","2":"type-product","3":"status-publish","4":"has-post-thumbnail","6":"product_cat-empalmes","7":"product_cat-ferreteria","9":"first","10":"instock","11":"shipping-taxable","12":"purchasable","13":"product-type-simple"},"ams_default_variation_id":0,"ams_product_points_reward":[],"ams_product_discount_percentage":0,"ams_price_to_display":400,"ams_acf":[],"jetpack_sharing_enabled":true,"_links":{"self":[{"href":"https:\/\/solucionsolar.cl\/solar\/wp-json\/wp\/v2\/product\/1664","targetHints":{"allow":["GET"]}}],"collection":[{"href":"https:\/\/solucionsolar.cl\/solar\/wp-json\/wp\/v2\/product"}],"about":[{"href":"https:\/\/solucionsolar.cl\/solar\/wp-json\/wp\/v2\/types\/product"}],"replies":[{"embeddable":true,"href":"https:\/\/solucionsolar.cl\/solar\/wp-json\/wp\/v2\/comments?post=1664"}],"wp:featuredmedia":[{"embeddable":true,"href":"https:\/\/solucionsolar.cl\/solar\/wp-json\/wp\/v2\/media\/1663"}],"wp:attachment":[{"href":"https:\/\/solucionsolar.cl\/solar\/wp-json\/wp\/v2\/media?parent=1664"}],"wp:term":[{"taxonomy":"product_brand","embeddable":true,"href":"https:\/\/solucionsolar.cl\/solar\/wp-json\/wp\/v2\/product_brand?post=1664"},{"taxonomy":"product_cat","embeddable":true,"href":"https:\/\/solucionsolar.cl\/solar\/wp-json\/wp\/v2\/product_cat?post=1664"},{"taxonomy":"product_tag","embeddable":true,"href":"https:\/\/solucionsolar.cl\/solar\/wp-json\/wp\/v2\/product_tag?post=1664"}],"curies":[{"name":"wp","href":"https:\/\/api.w.org\/{rel}","templated":true}]}}