{"id":1669,"date":"2023-05-15T22:55:37","date_gmt":"2023-05-15T22:55:37","guid":{"rendered":"https:\/\/solucionsolar.cl\/solar\/producto\/tijera-corta-pasto-ondulada-mango-metal-bellota\/"},"modified":"2023-05-15T22:55:37","modified_gmt":"2023-05-15T22:55:37","slug":"tijera-corta-pasto-ondulada-mango-metal-bellota","status":"publish","type":"product","link":"https:\/\/solucionsolar.cl\/solar\/producto\/tijera-corta-pasto-ondulada-mango-metal-bellota\/","title":{"rendered":"Tijera corta pasto ondulada mango metal BELLOTA"},"content":{"rendered":"<p>La tijera corta pasto ondulada con mango de metal BELLOTA es una herramienta manual de jardiner\u00eda dise\u00f1ada para cortar y dar forma al c\u00e9sped y otros tipos de pasto. Su hoja ondulada permite un corte limpio y preciso, mientras que el mango de metal proporciona una mayor resistencia y durabilidad.<\/p>\n","protected":false},"excerpt":{"rendered":"<p>La tijera corta pasto ondulada con mango de metal BELLOTA es una herramienta manual de jardiner\u00eda dise\u00f1ada para cortar y dar forma al c\u00e9sped y otros tipos de pasto. Su hoja ondulada permite un corte limpio y preciso, mientras que el mango de metal proporciona una mayor resistencia y durabilidad.<\/p>\n","protected":false},"featured_media":1668,"comment_status":"open","ping_status":"closed","template":"","meta":{"_joinchat":[]},"product_brand":[],"product_cat":[23,29],"product_tag":[],"class_list":{"0":"post-1669","1":"product","2":"type-product","3":"status-publish","4":"has-post-thumbnail","6":"product_cat-casa-y-jardin","7":"product_cat-herramientas","9":"first","10":"instock","11":"shipping-taxable","12":"purchasable","13":"product-type-simple"},"ams_default_variation_id":0,"ams_product_points_reward":[],"ams_product_discount_percentage":0,"ams_price_to_display":18900,"ams_acf":[],"jetpack_sharing_enabled":true,"_links":{"self":[{"href":"https:\/\/solucionsolar.cl\/solar\/wp-json\/wp\/v2\/product\/1669","targetHints":{"allow":["GET"]}}],"collection":[{"href":"https:\/\/solucionsolar.cl\/solar\/wp-json\/wp\/v2\/product"}],"about":[{"href":"https:\/\/solucionsolar.cl\/solar\/wp-json\/wp\/v2\/types\/product"}],"replies":[{"embeddable":true,"href":"https:\/\/solucionsolar.cl\/solar\/wp-json\/wp\/v2\/comments?post=1669"}],"wp:featuredmedia":[{"embeddable":true,"href":"https:\/\/solucionsolar.cl\/solar\/wp-json\/wp\/v2\/media\/1668"}],"wp:attachment":[{"href":"https:\/\/solucionsolar.cl\/solar\/wp-json\/wp\/v2\/media?parent=1669"}],"wp:term":[{"taxonomy":"product_brand","embeddable":true,"href":"https:\/\/solucionsolar.cl\/solar\/wp-json\/wp\/v2\/product_brand?post=1669"},{"taxonomy":"product_cat","embeddable":true,"href":"https:\/\/solucionsolar.cl\/solar\/wp-json\/wp\/v2\/product_cat?post=1669"},{"taxonomy":"product_tag","embeddable":true,"href":"https:\/\/solucionsolar.cl\/solar\/wp-json\/wp\/v2\/product_tag?post=1669"}],"curies":[{"name":"wp","href":"https:\/\/api.w.org\/{rel}","templated":true}]}}