{"id":1673,"date":"2023-05-15T22:55:41","date_gmt":"2023-05-15T22:55:41","guid":{"rendered":"https:\/\/solucionsolar.cl\/solar\/producto\/tronzadora-355mm-2350w-total\/"},"modified":"2023-05-15T22:55:41","modified_gmt":"2023-05-15T22:55:41","slug":"tronzadora-355mm-2350w-total","status":"publish","type":"product","link":"https:\/\/solucionsolar.cl\/solar\/producto\/tronzadora-355mm-2350w-total\/","title":{"rendered":"Tronzadora 355mm 2350W TOTAL"},"content":{"rendered":"<p>Es una herramienta el\u00e9ctrica utilizada para cortar materiales duros y resistentes, como metal, cer\u00e1mica y hormig\u00f3n. Esta herramienta cuenta con un potente motor de 2350W que le permite cortar materiales con facilidad y rapidez.<\/p>\n","protected":false},"excerpt":{"rendered":"<p>Es una herramienta el\u00e9ctrica utilizada para cortar materiales duros y resistentes, como metal, cer\u00e1mica y hormig\u00f3n. Esta herramienta cuenta con un potente motor de 2350W que le permite cortar materiales con facilidad y rapidez.<\/p>\n","protected":false},"featured_media":1672,"comment_status":"open","ping_status":"closed","template":"","meta":{"_joinchat":[]},"product_brand":[],"product_cat":[29],"product_tag":[],"class_list":{"0":"post-1673","1":"product","2":"type-product","3":"status-publish","4":"has-post-thumbnail","6":"product_cat-herramientas","8":"first","9":"instock","10":"shipping-taxable","11":"purchasable","12":"product-type-simple"},"ams_default_variation_id":0,"ams_product_points_reward":[],"ams_product_discount_percentage":0,"ams_price_to_display":129000,"ams_acf":[],"jetpack_sharing_enabled":true,"_links":{"self":[{"href":"https:\/\/solucionsolar.cl\/solar\/wp-json\/wp\/v2\/product\/1673","targetHints":{"allow":["GET"]}}],"collection":[{"href":"https:\/\/solucionsolar.cl\/solar\/wp-json\/wp\/v2\/product"}],"about":[{"href":"https:\/\/solucionsolar.cl\/solar\/wp-json\/wp\/v2\/types\/product"}],"replies":[{"embeddable":true,"href":"https:\/\/solucionsolar.cl\/solar\/wp-json\/wp\/v2\/comments?post=1673"}],"wp:featuredmedia":[{"embeddable":true,"href":"https:\/\/solucionsolar.cl\/solar\/wp-json\/wp\/v2\/media\/1672"}],"wp:attachment":[{"href":"https:\/\/solucionsolar.cl\/solar\/wp-json\/wp\/v2\/media?parent=1673"}],"wp:term":[{"taxonomy":"product_brand","embeddable":true,"href":"https:\/\/solucionsolar.cl\/solar\/wp-json\/wp\/v2\/product_brand?post=1673"},{"taxonomy":"product_cat","embeddable":true,"href":"https:\/\/solucionsolar.cl\/solar\/wp-json\/wp\/v2\/product_cat?post=1673"},{"taxonomy":"product_tag","embeddable":true,"href":"https:\/\/solucionsolar.cl\/solar\/wp-json\/wp\/v2\/product_tag?post=1673"}],"curies":[{"name":"wp","href":"https:\/\/api.w.org\/{rel}","templated":true}]}}