{"id":1674,"date":"2023-05-15T22:55:42","date_gmt":"2023-05-15T22:55:42","guid":{"rendered":"https:\/\/solucionsolar.cl\/solar\/producto\/z-tijera-de-podar-de-aluminio-forjada-bellota\/"},"modified":"2023-05-15T22:55:42","modified_gmt":"2023-05-15T22:55:42","slug":"z-tijera-de-podar-de-aluminio-forjada-bellota","status":"publish","type":"product","link":"https:\/\/solucionsolar.cl\/solar\/producto\/z-tijera-de-podar-de-aluminio-forjada-bellota\/","title":{"rendered":"z Tijera de podar de aluminio forjada BELLOTA"},"content":{"rendered":"<p>Es una herramienta de jardiner\u00eda utilizada para cortar ramas y ramitas de \u00e1rboles y plantas. Est\u00e1 dise\u00f1ada con materiales de alta calidad, como el aluminio forjado, lo que la hace resistente y duradera.<\/p>\n","protected":false},"excerpt":{"rendered":"<p>Es una herramienta de jardiner\u00eda utilizada para cortar ramas y ramitas de \u00e1rboles y plantas. Est\u00e1 dise\u00f1ada con materiales de alta calidad, como el aluminio forjado, lo que la hace resistente y duradera.<\/p>\n","protected":false},"featured_media":1668,"comment_status":"open","ping_status":"closed","template":"","meta":{"_joinchat":[]},"product_brand":[],"product_cat":[23,29],"product_tag":[],"class_list":{"0":"post-1674","1":"product","2":"type-product","3":"status-publish","4":"has-post-thumbnail","6":"product_cat-casa-y-jardin","7":"product_cat-herramientas","9":"first","10":"instock","11":"shipping-taxable","12":"purchasable","13":"product-type-simple"},"ams_default_variation_id":0,"ams_product_points_reward":[],"ams_product_discount_percentage":0,"ams_price_to_display":17000,"ams_acf":[],"jetpack_sharing_enabled":true,"_links":{"self":[{"href":"https:\/\/solucionsolar.cl\/solar\/wp-json\/wp\/v2\/product\/1674","targetHints":{"allow":["GET"]}}],"collection":[{"href":"https:\/\/solucionsolar.cl\/solar\/wp-json\/wp\/v2\/product"}],"about":[{"href":"https:\/\/solucionsolar.cl\/solar\/wp-json\/wp\/v2\/types\/product"}],"replies":[{"embeddable":true,"href":"https:\/\/solucionsolar.cl\/solar\/wp-json\/wp\/v2\/comments?post=1674"}],"wp:featuredmedia":[{"embeddable":true,"href":"https:\/\/solucionsolar.cl\/solar\/wp-json\/wp\/v2\/media\/1668"}],"wp:attachment":[{"href":"https:\/\/solucionsolar.cl\/solar\/wp-json\/wp\/v2\/media?parent=1674"}],"wp:term":[{"taxonomy":"product_brand","embeddable":true,"href":"https:\/\/solucionsolar.cl\/solar\/wp-json\/wp\/v2\/product_brand?post=1674"},{"taxonomy":"product_cat","embeddable":true,"href":"https:\/\/solucionsolar.cl\/solar\/wp-json\/wp\/v2\/product_cat?post=1674"},{"taxonomy":"product_tag","embeddable":true,"href":"https:\/\/solucionsolar.cl\/solar\/wp-json\/wp\/v2\/product_tag?post=1674"}],"curies":[{"name":"wp","href":"https:\/\/api.w.org\/{rel}","templated":true}]}}