{"id":1676,"date":"2023-05-15T22:55:44","date_gmt":"2023-05-15T22:55:44","guid":{"rendered":"https:\/\/solucionsolar.cl\/solar\/producto\/pala-hoyera-c-mango-dual-bellota\/"},"modified":"2023-05-15T22:55:44","modified_gmt":"2023-05-15T22:55:44","slug":"pala-hoyera-c-mango-dual-bellota","status":"publish","type":"product","link":"https:\/\/solucionsolar.cl\/solar\/producto\/pala-hoyera-c-mango-dual-bellota\/","title":{"rendered":"Pala hoyera c\/mango dual BELLOTA"},"content":{"rendered":"<p>La pala hoyera con mango dual de la marca Bellota es una herramienta de alta calidad dise\u00f1ada para excavar y mover tierra, arena, grava y otros materiales de construcci\u00f3n. Esta pala cuenta con una hoja de acero templado de alta resistencia, lo que la hace duradera y resistente a la corrosi\u00f3n. Su dise\u00f1o con borde cortante permite penetrar f\u00e1cilmente en el suelo y cortar ra\u00edces y otros obst\u00e1culos.<\/p>\n","protected":false},"excerpt":{"rendered":"<p>La pala hoyera con mango dual de la marca Bellota es una herramienta de alta calidad dise\u00f1ada para excavar y mover tierra, arena, grava y otros materiales de construcci\u00f3n. Esta pala cuenta con una hoja de acero templado de alta resistencia, lo que la hace duradera y resistente a la corrosi\u00f3n. Su dise\u00f1o con borde cortante permite penetrar f\u00e1cilmente en [&hellip;]<\/p>\n","protected":false},"featured_media":1675,"comment_status":"open","ping_status":"closed","template":"","meta":{"_joinchat":[]},"product_brand":[],"product_cat":[23,29],"product_tag":[],"class_list":{"0":"post-1676","1":"product","2":"type-product","3":"status-publish","4":"has-post-thumbnail","6":"product_cat-casa-y-jardin","7":"product_cat-herramientas","9":"first","10":"instock","11":"shipping-taxable","12":"purchasable","13":"product-type-simple"},"ams_default_variation_id":0,"ams_product_points_reward":[],"ams_product_discount_percentage":0,"ams_price_to_display":22000,"ams_acf":[],"jetpack_sharing_enabled":true,"_links":{"self":[{"href":"https:\/\/solucionsolar.cl\/solar\/wp-json\/wp\/v2\/product\/1676","targetHints":{"allow":["GET"]}}],"collection":[{"href":"https:\/\/solucionsolar.cl\/solar\/wp-json\/wp\/v2\/product"}],"about":[{"href":"https:\/\/solucionsolar.cl\/solar\/wp-json\/wp\/v2\/types\/product"}],"replies":[{"embeddable":true,"href":"https:\/\/solucionsolar.cl\/solar\/wp-json\/wp\/v2\/comments?post=1676"}],"wp:featuredmedia":[{"embeddable":true,"href":"https:\/\/solucionsolar.cl\/solar\/wp-json\/wp\/v2\/media\/1675"}],"wp:attachment":[{"href":"https:\/\/solucionsolar.cl\/solar\/wp-json\/wp\/v2\/media?parent=1676"}],"wp:term":[{"taxonomy":"product_brand","embeddable":true,"href":"https:\/\/solucionsolar.cl\/solar\/wp-json\/wp\/v2\/product_brand?post=1676"},{"taxonomy":"product_cat","embeddable":true,"href":"https:\/\/solucionsolar.cl\/solar\/wp-json\/wp\/v2\/product_cat?post=1676"},{"taxonomy":"product_tag","embeddable":true,"href":"https:\/\/solucionsolar.cl\/solar\/wp-json\/wp\/v2\/product_tag?post=1676"}],"curies":[{"name":"wp","href":"https:\/\/api.w.org\/{rel}","templated":true}]}}