{"id":1680,"date":"2023-05-15T22:55:54","date_gmt":"2023-05-15T22:55:54","guid":{"rendered":"https:\/\/solucionsolar.cl\/solar\/producto\/cable-solar-1x4-0mm-rojo\/"},"modified":"2023-05-15T22:55:54","modified_gmt":"2023-05-15T22:55:54","slug":"cable-solar-1x4-0mm-rojo","status":"publish","type":"product","link":"https:\/\/solucionsolar.cl\/solar\/producto\/cable-solar-1x4-0mm-rojo\/","title":{"rendered":"Cable solar 1&#215;4.0mm Rojo"},"content":{"rendered":"<p>El Cable Solar 1&#215;4.0mm Rojo es un cable dise\u00f1ado especialmente para instalaciones de energ\u00eda solar, que permite conectar los paneles solares entre s\u00ed o con el inversor. Este cable cuenta con un di\u00e1metro de 4.0mm y es de color rojo para facilitar su identificaci\u00f3n y conexi\u00f3n.<\/p>\n","protected":false},"excerpt":{"rendered":"<p>El Cable Solar 1&#215;4.0mm Rojo es un cable dise\u00f1ado especialmente para instalaciones de energ\u00eda solar, que permite conectar los paneles solares entre s\u00ed o con el inversor. Este cable cuenta con un di\u00e1metro de 4.0mm y es de color rojo para facilitar su identificaci\u00f3n y conexi\u00f3n.<\/p>\n","protected":false},"featured_media":1679,"comment_status":"open","ping_status":"closed","template":"","meta":{"_joinchat":[]},"product_brand":[],"product_cat":[18,31],"product_tag":[],"class_list":{"0":"post-1680","1":"product","2":"type-product","3":"status-publish","4":"has-post-thumbnail","6":"product_cat-cables","7":"product_cat-solar","9":"first","10":"instock","11":"shipping-taxable","12":"purchasable","13":"product-type-simple"},"ams_default_variation_id":0,"ams_product_points_reward":[],"ams_product_discount_percentage":0,"ams_price_to_display":1100,"ams_acf":[],"jetpack_sharing_enabled":true,"_links":{"self":[{"href":"https:\/\/solucionsolar.cl\/solar\/wp-json\/wp\/v2\/product\/1680","targetHints":{"allow":["GET"]}}],"collection":[{"href":"https:\/\/solucionsolar.cl\/solar\/wp-json\/wp\/v2\/product"}],"about":[{"href":"https:\/\/solucionsolar.cl\/solar\/wp-json\/wp\/v2\/types\/product"}],"replies":[{"embeddable":true,"href":"https:\/\/solucionsolar.cl\/solar\/wp-json\/wp\/v2\/comments?post=1680"}],"wp:featuredmedia":[{"embeddable":true,"href":"https:\/\/solucionsolar.cl\/solar\/wp-json\/wp\/v2\/media\/1679"}],"wp:attachment":[{"href":"https:\/\/solucionsolar.cl\/solar\/wp-json\/wp\/v2\/media?parent=1680"}],"wp:term":[{"taxonomy":"product_brand","embeddable":true,"href":"https:\/\/solucionsolar.cl\/solar\/wp-json\/wp\/v2\/product_brand?post=1680"},{"taxonomy":"product_cat","embeddable":true,"href":"https:\/\/solucionsolar.cl\/solar\/wp-json\/wp\/v2\/product_cat?post=1680"},{"taxonomy":"product_tag","embeddable":true,"href":"https:\/\/solucionsolar.cl\/solar\/wp-json\/wp\/v2\/product_tag?post=1680"}],"curies":[{"name":"wp","href":"https:\/\/api.w.org\/{rel}","templated":true}]}}