{"id":1682,"date":"2023-05-15T22:56:00","date_gmt":"2023-05-15T22:56:00","guid":{"rendered":"https:\/\/solucionsolar.cl\/solar\/producto\/sistema-fotovoltaico-on-grid-1kw\/"},"modified":"2023-05-15T22:56:00","modified_gmt":"2023-05-15T22:56:00","slug":"sistema-fotovoltaico-on-grid-1kw","status":"publish","type":"product","link":"https:\/\/solucionsolar.cl\/solar\/producto\/sistema-fotovoltaico-on-grid-1kw\/","title":{"rendered":"Sistema Fotovoltaico On grid 1KW"},"content":{"rendered":"<p>El Sistema Fotovoltaico On grid 1KW es una soluci\u00f3n de energ\u00eda renovable que permite generar electricidad a partir de la energ\u00eda solar y conectarla directamente a la red el\u00e9ctrica convencional. Con una capacidad de generaci\u00f3n de 1KW, este sistema es ideal para hogares peque\u00f1os o para aplicaciones comerciales de menor tama\u00f1o.<\/p>\n","protected":false},"excerpt":{"rendered":"<p>El Sistema Fotovoltaico On grid 1KW es una soluci\u00f3n de energ\u00eda renovable que permite generar electricidad a partir de la energ\u00eda solar y conectarla directamente a la red el\u00e9ctrica convencional. Con una capacidad de generaci\u00f3n de 1KW, este sistema es ideal para hogares peque\u00f1os o para aplicaciones comerciales de menor tama\u00f1o.<\/p>\n","protected":false},"featured_media":1681,"comment_status":"open","ping_status":"closed","template":"","meta":{"_joinchat":[]},"product_brand":[],"product_cat":[33,31],"product_tag":[],"class_list":{"0":"post-1682","1":"product","2":"type-product","3":"status-publish","4":"has-post-thumbnail","6":"product_cat-panel-solar","7":"product_cat-solar","9":"first","10":"instock","11":"shipping-taxable","12":"purchasable","13":"product-type-simple"},"ams_default_variation_id":0,"ams_product_points_reward":[],"ams_product_discount_percentage":0,"ams_price_to_display":1900000,"ams_acf":[],"jetpack_sharing_enabled":true,"_links":{"self":[{"href":"https:\/\/solucionsolar.cl\/solar\/wp-json\/wp\/v2\/product\/1682","targetHints":{"allow":["GET"]}}],"collection":[{"href":"https:\/\/solucionsolar.cl\/solar\/wp-json\/wp\/v2\/product"}],"about":[{"href":"https:\/\/solucionsolar.cl\/solar\/wp-json\/wp\/v2\/types\/product"}],"replies":[{"embeddable":true,"href":"https:\/\/solucionsolar.cl\/solar\/wp-json\/wp\/v2\/comments?post=1682"}],"wp:featuredmedia":[{"embeddable":true,"href":"https:\/\/solucionsolar.cl\/solar\/wp-json\/wp\/v2\/media\/1681"}],"wp:attachment":[{"href":"https:\/\/solucionsolar.cl\/solar\/wp-json\/wp\/v2\/media?parent=1682"}],"wp:term":[{"taxonomy":"product_brand","embeddable":true,"href":"https:\/\/solucionsolar.cl\/solar\/wp-json\/wp\/v2\/product_brand?post=1682"},{"taxonomy":"product_cat","embeddable":true,"href":"https:\/\/solucionsolar.cl\/solar\/wp-json\/wp\/v2\/product_cat?post=1682"},{"taxonomy":"product_tag","embeddable":true,"href":"https:\/\/solucionsolar.cl\/solar\/wp-json\/wp\/v2\/product_tag?post=1682"}],"curies":[{"name":"wp","href":"https:\/\/api.w.org\/{rel}","templated":true}]}}