{"id":1684,"date":"2023-05-15T22:56:05","date_gmt":"2023-05-15T22:56:05","guid":{"rendered":"https:\/\/solucionsolar.cl\/solar\/producto\/sistema-fotovoltaico-on-grid-2kw\/"},"modified":"2023-05-15T22:56:05","modified_gmt":"2023-05-15T22:56:05","slug":"sistema-fotovoltaico-on-grid-2kw","status":"publish","type":"product","link":"https:\/\/solucionsolar.cl\/solar\/producto\/sistema-fotovoltaico-on-grid-2kw\/","title":{"rendered":"Sistema fotovoltaico On grid 2KW"},"content":{"rendered":"<p>Este sistema es una excelente opci\u00f3n para aquellos que desean ahorrar en sus facturas de energ\u00eda y contribuir al cuidado del medio ambiente, este sistema es f\u00e1cil de instalar y requiere de poco mantenimiento. Los paneles solares pueden ser montados en el techo de la casa o en una estructura independiente.<\/p>\n","protected":false},"excerpt":{"rendered":"<p>Este sistema es una excelente opci\u00f3n para aquellos que desean ahorrar en sus facturas de energ\u00eda y contribuir al cuidado del medio ambiente, este sistema es f\u00e1cil de instalar y requiere de poco mantenimiento. Los paneles solares pueden ser montados en el techo de la casa o en una estructura independiente.<\/p>\n","protected":false},"featured_media":1683,"comment_status":"open","ping_status":"closed","template":"","meta":{"_joinchat":[]},"product_brand":[],"product_cat":[33,31],"product_tag":[],"class_list":{"0":"post-1684","1":"product","2":"type-product","3":"status-publish","4":"has-post-thumbnail","6":"product_cat-panel-solar","7":"product_cat-solar","9":"first","10":"instock","11":"shipping-taxable","12":"purchasable","13":"product-type-simple"},"ams_default_variation_id":0,"ams_product_points_reward":[],"ams_product_discount_percentage":0,"ams_price_to_display":3600000,"ams_acf":[],"jetpack_sharing_enabled":true,"_links":{"self":[{"href":"https:\/\/solucionsolar.cl\/solar\/wp-json\/wp\/v2\/product\/1684","targetHints":{"allow":["GET"]}}],"collection":[{"href":"https:\/\/solucionsolar.cl\/solar\/wp-json\/wp\/v2\/product"}],"about":[{"href":"https:\/\/solucionsolar.cl\/solar\/wp-json\/wp\/v2\/types\/product"}],"replies":[{"embeddable":true,"href":"https:\/\/solucionsolar.cl\/solar\/wp-json\/wp\/v2\/comments?post=1684"}],"wp:featuredmedia":[{"embeddable":true,"href":"https:\/\/solucionsolar.cl\/solar\/wp-json\/wp\/v2\/media\/1683"}],"wp:attachment":[{"href":"https:\/\/solucionsolar.cl\/solar\/wp-json\/wp\/v2\/media?parent=1684"}],"wp:term":[{"taxonomy":"product_brand","embeddable":true,"href":"https:\/\/solucionsolar.cl\/solar\/wp-json\/wp\/v2\/product_brand?post=1684"},{"taxonomy":"product_cat","embeddable":true,"href":"https:\/\/solucionsolar.cl\/solar\/wp-json\/wp\/v2\/product_cat?post=1684"},{"taxonomy":"product_tag","embeddable":true,"href":"https:\/\/solucionsolar.cl\/solar\/wp-json\/wp\/v2\/product_tag?post=1684"}],"curies":[{"name":"wp","href":"https:\/\/api.w.org\/{rel}","templated":true}]}}