{"id":1686,"date":"2023-05-15T22:56:09","date_gmt":"2023-05-15T22:56:09","guid":{"rendered":"https:\/\/solucionsolar.cl\/solar\/producto\/sistema-fotovoltaico-on-grid-5kw\/"},"modified":"2023-05-15T22:56:09","modified_gmt":"2023-05-15T22:56:09","slug":"sistema-fotovoltaico-on-grid-5kw","status":"publish","type":"product","link":"https:\/\/solucionsolar.cl\/solar\/producto\/sistema-fotovoltaico-on-grid-5kw\/","title":{"rendered":"Sistema Fotovoltaico On grid 5KW"},"content":{"rendered":"<p>Un sistema fotovoltaico On grid de 5KW es una excelente opci\u00f3n para aquellos que buscan generar su propia electricidad solar. Con paneles solares eficientes, un inversor de calidad y un medidor de energ\u00eda bidireccional, este sistema proporciona una soluci\u00f3n rentable y sostenible para la generaci\u00f3n de energ\u00eda el\u00e9ctrica. Adem\u00e1s, la instalaci\u00f3n de una estructura de montaje resistente y cables y conectores de calidad asegura la seguridad y la durabilidad del sistema.<\/p>\n","protected":false},"excerpt":{"rendered":"<p>Un sistema fotovoltaico On grid de 5KW es una excelente opci\u00f3n para aquellos que buscan generar su propia electricidad solar. Con paneles solares eficientes, un inversor de calidad y un medidor de energ\u00eda bidireccional, este sistema proporciona una soluci\u00f3n rentable y sostenible para la generaci\u00f3n de energ\u00eda el\u00e9ctrica. Adem\u00e1s, la instalaci\u00f3n de una estructura de montaje resistente y cables y [&hellip;]<\/p>\n","protected":false},"featured_media":1685,"comment_status":"open","ping_status":"closed","template":"","meta":{"_joinchat":[]},"product_brand":[],"product_cat":[33,31],"product_tag":[],"class_list":{"0":"post-1686","1":"product","2":"type-product","3":"status-publish","4":"has-post-thumbnail","6":"product_cat-panel-solar","7":"product_cat-solar","9":"first","10":"instock","11":"shipping-taxable","12":"purchasable","13":"product-type-simple"},"ams_default_variation_id":0,"ams_product_points_reward":[],"ams_product_discount_percentage":0,"ams_price_to_display":6500000,"ams_acf":[],"jetpack_sharing_enabled":true,"_links":{"self":[{"href":"https:\/\/solucionsolar.cl\/solar\/wp-json\/wp\/v2\/product\/1686","targetHints":{"allow":["GET"]}}],"collection":[{"href":"https:\/\/solucionsolar.cl\/solar\/wp-json\/wp\/v2\/product"}],"about":[{"href":"https:\/\/solucionsolar.cl\/solar\/wp-json\/wp\/v2\/types\/product"}],"replies":[{"embeddable":true,"href":"https:\/\/solucionsolar.cl\/solar\/wp-json\/wp\/v2\/comments?post=1686"}],"wp:featuredmedia":[{"embeddable":true,"href":"https:\/\/solucionsolar.cl\/solar\/wp-json\/wp\/v2\/media\/1685"}],"wp:attachment":[{"href":"https:\/\/solucionsolar.cl\/solar\/wp-json\/wp\/v2\/media?parent=1686"}],"wp:term":[{"taxonomy":"product_brand","embeddable":true,"href":"https:\/\/solucionsolar.cl\/solar\/wp-json\/wp\/v2\/product_brand?post=1686"},{"taxonomy":"product_cat","embeddable":true,"href":"https:\/\/solucionsolar.cl\/solar\/wp-json\/wp\/v2\/product_cat?post=1686"},{"taxonomy":"product_tag","embeddable":true,"href":"https:\/\/solucionsolar.cl\/solar\/wp-json\/wp\/v2\/product_tag?post=1686"}],"curies":[{"name":"wp","href":"https:\/\/api.w.org\/{rel}","templated":true}]}}