{"id":1690,"date":"2023-05-15T22:56:19","date_gmt":"2023-05-15T22:56:19","guid":{"rendered":"https:\/\/solucionsolar.cl\/solar\/producto\/tornillo-cabeza-hexagonal-punta-de-broca-zincado-12x1-100-unidades\/"},"modified":"2023-05-15T22:56:19","modified_gmt":"2023-05-15T22:56:19","slug":"tornillo-cabeza-hexagonal-punta-de-broca-zincado-12x1-100-unidades","status":"publish","type":"product","link":"https:\/\/solucionsolar.cl\/solar\/producto\/tornillo-cabeza-hexagonal-punta-de-broca-zincado-12x1-100-unidades\/","title":{"rendered":"Tornillo cabeza hexagonal punta de broca zincado 12&#215;1&#8243; 100 Unidades"},"content":{"rendered":"<p>Los Tornillos con Cabeza Hexagonal, Punta de Broca y Revestimiento de Zincado de 12&#215;1&#8243; en paquete de 100 unidades son un tipo de sujetador de rosca dise\u00f1ado para una fijaci\u00f3n m\u00e1s fuerte y duradera. La cabeza hexagonal permite una mayor fuerza de apriete, mientras que la punta de broca ayuda a que el tornillo se fije de manera m\u00e1s f\u00e1cil y r\u00e1pida.<\/p>\n","protected":false},"excerpt":{"rendered":"<p>Los Tornillos con Cabeza Hexagonal, Punta de Broca y Revestimiento de Zincado de 12&#215;1&#8243; en paquete de 100 unidades son un tipo de sujetador de rosca dise\u00f1ado para una fijaci\u00f3n m\u00e1s fuerte y duradera. La cabeza hexagonal permite una mayor fuerza de apriete, mientras que la punta de broca ayuda a que el tornillo se fije de manera m\u00e1s f\u00e1cil [&hellip;]<\/p>\n","protected":false},"featured_media":1689,"comment_status":"open","ping_status":"closed","template":"","meta":{"_joinchat":[]},"product_brand":[],"product_cat":[17,24],"product_tag":[],"class_list":{"0":"post-1690","1":"product","2":"type-product","3":"status-publish","4":"has-post-thumbnail","6":"product_cat-ferreteria","7":"product_cat-tornillos","9":"first","10":"instock","11":"shipping-taxable","12":"purchasable","13":"product-type-simple"},"ams_default_variation_id":0,"ams_product_points_reward":[],"ams_product_discount_percentage":0,"ams_price_to_display":3500,"ams_acf":[],"jetpack_sharing_enabled":true,"_links":{"self":[{"href":"https:\/\/solucionsolar.cl\/solar\/wp-json\/wp\/v2\/product\/1690","targetHints":{"allow":["GET"]}}],"collection":[{"href":"https:\/\/solucionsolar.cl\/solar\/wp-json\/wp\/v2\/product"}],"about":[{"href":"https:\/\/solucionsolar.cl\/solar\/wp-json\/wp\/v2\/types\/product"}],"replies":[{"embeddable":true,"href":"https:\/\/solucionsolar.cl\/solar\/wp-json\/wp\/v2\/comments?post=1690"}],"wp:featuredmedia":[{"embeddable":true,"href":"https:\/\/solucionsolar.cl\/solar\/wp-json\/wp\/v2\/media\/1689"}],"wp:attachment":[{"href":"https:\/\/solucionsolar.cl\/solar\/wp-json\/wp\/v2\/media?parent=1690"}],"wp:term":[{"taxonomy":"product_brand","embeddable":true,"href":"https:\/\/solucionsolar.cl\/solar\/wp-json\/wp\/v2\/product_brand?post=1690"},{"taxonomy":"product_cat","embeddable":true,"href":"https:\/\/solucionsolar.cl\/solar\/wp-json\/wp\/v2\/product_cat?post=1690"},{"taxonomy":"product_tag","embeddable":true,"href":"https:\/\/solucionsolar.cl\/solar\/wp-json\/wp\/v2\/product_tag?post=1690"}],"curies":[{"name":"wp","href":"https:\/\/api.w.org\/{rel}","templated":true}]}}