{"id":1692,"date":"2023-05-15T22:56:26","date_gmt":"2023-05-15T22:56:26","guid":{"rendered":"https:\/\/solucionsolar.cl\/solar\/producto\/tornillo-para-madera-zincado-6x1-1-4-100-unidades\/"},"modified":"2023-05-15T22:56:26","modified_gmt":"2023-05-15T22:56:26","slug":"tornillo-para-madera-zincado-6x1-1-4-100-unidades","status":"publish","type":"product","link":"https:\/\/solucionsolar.cl\/solar\/producto\/tornillo-para-madera-zincado-6x1-1-4-100-unidades\/","title":{"rendered":"Tornillo para madera zincado 6&#215;1 1\/4&#8243; 100 Unidades"},"content":{"rendered":"<p>El Tornillo para madera zincado 6&#215;1 1\/4&#8243; 100 Unidades es un conjunto de 100 tornillos con una longitud de 1 1\/4&#8243; y un di\u00e1metro de 6mm, recubiertos con una capa de zinc para protegerlos de la corrosi\u00f3n y facilitar su inserci\u00f3n en la madera.<\/p>\n","protected":false},"excerpt":{"rendered":"<p>El Tornillo para madera zincado 6&#215;1 1\/4&#8243; 100 Unidades es un conjunto de 100 tornillos con una longitud de 1 1\/4&#8243; y un di\u00e1metro de 6mm, recubiertos con una capa de zinc para protegerlos de la corrosi\u00f3n y facilitar su inserci\u00f3n en la madera.<\/p>\n","protected":false},"featured_media":1691,"comment_status":"open","ping_status":"closed","template":"","meta":{"_joinchat":[]},"product_brand":[],"product_cat":[17,24],"product_tag":[],"class_list":{"0":"post-1692","1":"product","2":"type-product","3":"status-publish","4":"has-post-thumbnail","6":"product_cat-ferreteria","7":"product_cat-tornillos","9":"first","10":"instock","11":"shipping-taxable","12":"purchasable","13":"product-type-simple"},"ams_default_variation_id":0,"ams_product_points_reward":[],"ams_product_discount_percentage":0,"ams_price_to_display":1200,"ams_acf":[],"jetpack_sharing_enabled":true,"_links":{"self":[{"href":"https:\/\/solucionsolar.cl\/solar\/wp-json\/wp\/v2\/product\/1692","targetHints":{"allow":["GET"]}}],"collection":[{"href":"https:\/\/solucionsolar.cl\/solar\/wp-json\/wp\/v2\/product"}],"about":[{"href":"https:\/\/solucionsolar.cl\/solar\/wp-json\/wp\/v2\/types\/product"}],"replies":[{"embeddable":true,"href":"https:\/\/solucionsolar.cl\/solar\/wp-json\/wp\/v2\/comments?post=1692"}],"wp:featuredmedia":[{"embeddable":true,"href":"https:\/\/solucionsolar.cl\/solar\/wp-json\/wp\/v2\/media\/1691"}],"wp:attachment":[{"href":"https:\/\/solucionsolar.cl\/solar\/wp-json\/wp\/v2\/media?parent=1692"}],"wp:term":[{"taxonomy":"product_brand","embeddable":true,"href":"https:\/\/solucionsolar.cl\/solar\/wp-json\/wp\/v2\/product_brand?post=1692"},{"taxonomy":"product_cat","embeddable":true,"href":"https:\/\/solucionsolar.cl\/solar\/wp-json\/wp\/v2\/product_cat?post=1692"},{"taxonomy":"product_tag","embeddable":true,"href":"https:\/\/solucionsolar.cl\/solar\/wp-json\/wp\/v2\/product_tag?post=1692"}],"curies":[{"name":"wp","href":"https:\/\/api.w.org\/{rel}","templated":true}]}}