{"id":1694,"date":"2023-05-15T22:56:29","date_gmt":"2023-05-15T22:56:29","guid":{"rendered":"https:\/\/solucionsolar.cl\/solar\/producto\/cinta-antideslizante-25mm-x-5mt-amarillo-negro-geko\/"},"modified":"2023-05-15T22:56:29","modified_gmt":"2023-05-15T22:56:29","slug":"cinta-antideslizante-25mm-x-5mt-amarillo-negro-geko","status":"publish","type":"product","link":"https:\/\/solucionsolar.cl\/solar\/producto\/cinta-antideslizante-25mm-x-5mt-amarillo-negro-geko\/","title":{"rendered":"Cinta antideslizante 25mm x 5Mt amarillo\/negro GEKO"},"content":{"rendered":"<p>La cinta antideslizante GEKO de 25mm x 5 metros es una cinta adhesiva de alta calidad dise\u00f1ada para proporcionar una superficie antideslizante en superficies resbaladizas y peligrosas. Con su dise\u00f1o en amarillo y negro, esta cinta es f\u00e1cilmente visible y es ideal para su uso en escaleras, rampas, pisos, \u00e1reas de trabajo y cualquier otra superficie que requiera un mayor agarre y seguridad. Es resistente al agua y a la abrasi\u00f3n, lo que la hace ideal para su uso en interiores y exteriores. Es f\u00e1cil de aplicar y proporciona una soluci\u00f3n efectiva para mejorar la seguridad en cualquier entorno.<\/p>\n","protected":false},"excerpt":{"rendered":"<p>La cinta antideslizante GEKO de 25mm x 5 metros es una cinta adhesiva de alta calidad dise\u00f1ada para proporcionar una superficie antideslizante en superficies resbaladizas y peligrosas. Con su dise\u00f1o en amarillo y negro, esta cinta es f\u00e1cilmente visible y es ideal para su uso en escaleras, rampas, pisos, \u00e1reas de trabajo y cualquier otra superficie que requiera un mayor [&hellip;]<\/p>\n","protected":false},"featured_media":1693,"comment_status":"open","ping_status":"closed","template":"","meta":{"_joinchat":[]},"product_brand":[],"product_cat":[25,17],"product_tag":[],"class_list":{"0":"post-1694","1":"product","2":"type-product","3":"status-publish","4":"has-post-thumbnail","6":"product_cat-cintas","7":"product_cat-ferreteria","9":"first","10":"instock","11":"shipping-taxable","12":"purchasable","13":"product-type-simple"},"ams_default_variation_id":0,"ams_product_points_reward":[],"ams_product_discount_percentage":0,"ams_price_to_display":5000,"ams_acf":[],"jetpack_sharing_enabled":true,"_links":{"self":[{"href":"https:\/\/solucionsolar.cl\/solar\/wp-json\/wp\/v2\/product\/1694","targetHints":{"allow":["GET"]}}],"collection":[{"href":"https:\/\/solucionsolar.cl\/solar\/wp-json\/wp\/v2\/product"}],"about":[{"href":"https:\/\/solucionsolar.cl\/solar\/wp-json\/wp\/v2\/types\/product"}],"replies":[{"embeddable":true,"href":"https:\/\/solucionsolar.cl\/solar\/wp-json\/wp\/v2\/comments?post=1694"}],"wp:featuredmedia":[{"embeddable":true,"href":"https:\/\/solucionsolar.cl\/solar\/wp-json\/wp\/v2\/media\/1693"}],"wp:attachment":[{"href":"https:\/\/solucionsolar.cl\/solar\/wp-json\/wp\/v2\/media?parent=1694"}],"wp:term":[{"taxonomy":"product_brand","embeddable":true,"href":"https:\/\/solucionsolar.cl\/solar\/wp-json\/wp\/v2\/product_brand?post=1694"},{"taxonomy":"product_cat","embeddable":true,"href":"https:\/\/solucionsolar.cl\/solar\/wp-json\/wp\/v2\/product_cat?post=1694"},{"taxonomy":"product_tag","embeddable":true,"href":"https:\/\/solucionsolar.cl\/solar\/wp-json\/wp\/v2\/product_tag?post=1694"}],"curies":[{"name":"wp","href":"https:\/\/api.w.org\/{rel}","templated":true}]}}