{"id":1698,"date":"2023-05-15T22:56:34","date_gmt":"2023-05-15T22:56:34","guid":{"rendered":"https:\/\/solucionsolar.cl\/solar\/producto\/piedra-asentar-doble-cara\/"},"modified":"2023-05-15T22:56:34","modified_gmt":"2023-05-15T22:56:34","slug":"piedra-asentar-doble-cara","status":"publish","type":"product","link":"https:\/\/solucionsolar.cl\/solar\/producto\/piedra-asentar-doble-cara\/","title":{"rendered":"Piedra asentar doble cara"},"content":{"rendered":"<p>La Piedra de asentar doble cara es una herramienta de afilado que cuenta con dos superficies de diferente granularidad (una m\u00e1s fina y otra m\u00e1s gruesa) utilizadas para afilar y pulir herramientas de corte como cuchillos, tijeras y herramientas de jardiner\u00eda.<\/p>\n","protected":false},"excerpt":{"rendered":"<p>La Piedra de asentar doble cara es una herramienta de afilado que cuenta con dos superficies de diferente granularidad (una m\u00e1s fina y otra m\u00e1s gruesa) utilizadas para afilar y pulir herramientas de corte como cuchillos, tijeras y herramientas de jardiner\u00eda.<\/p>\n","protected":false},"featured_media":1697,"comment_status":"open","ping_status":"closed","template":"","meta":{"_joinchat":[]},"product_brand":[],"product_cat":[23,17],"product_tag":[],"class_list":{"0":"post-1698","1":"product","2":"type-product","3":"status-publish","4":"has-post-thumbnail","6":"product_cat-casa-y-jardin","7":"product_cat-ferreteria","9":"first","10":"instock","11":"shipping-taxable","12":"purchasable","13":"product-type-simple"},"ams_default_variation_id":0,"ams_product_points_reward":[],"ams_product_discount_percentage":0,"ams_price_to_display":1200,"ams_acf":[],"jetpack_sharing_enabled":true,"_links":{"self":[{"href":"https:\/\/solucionsolar.cl\/solar\/wp-json\/wp\/v2\/product\/1698","targetHints":{"allow":["GET"]}}],"collection":[{"href":"https:\/\/solucionsolar.cl\/solar\/wp-json\/wp\/v2\/product"}],"about":[{"href":"https:\/\/solucionsolar.cl\/solar\/wp-json\/wp\/v2\/types\/product"}],"replies":[{"embeddable":true,"href":"https:\/\/solucionsolar.cl\/solar\/wp-json\/wp\/v2\/comments?post=1698"}],"wp:featuredmedia":[{"embeddable":true,"href":"https:\/\/solucionsolar.cl\/solar\/wp-json\/wp\/v2\/media\/1697"}],"wp:attachment":[{"href":"https:\/\/solucionsolar.cl\/solar\/wp-json\/wp\/v2\/media?parent=1698"}],"wp:term":[{"taxonomy":"product_brand","embeddable":true,"href":"https:\/\/solucionsolar.cl\/solar\/wp-json\/wp\/v2\/product_brand?post=1698"},{"taxonomy":"product_cat","embeddable":true,"href":"https:\/\/solucionsolar.cl\/solar\/wp-json\/wp\/v2\/product_cat?post=1698"},{"taxonomy":"product_tag","embeddable":true,"href":"https:\/\/solucionsolar.cl\/solar\/wp-json\/wp\/v2\/product_tag?post=1698"}],"curies":[{"name":"wp","href":"https:\/\/api.w.org\/{rel}","templated":true}]}}