{"id":1702,"date":"2023-05-15T22:56:42","date_gmt":"2023-05-15T22:56:42","guid":{"rendered":"https:\/\/solucionsolar.cl\/solar\/producto\/tornillo-cabeza-de-lenteja-punta-de-broca-8x3-4-100un\/"},"modified":"2023-05-15T22:56:42","modified_gmt":"2023-05-15T22:56:42","slug":"tornillo-cabeza-de-lenteja-punta-de-broca-8x3-4-100un","status":"publish","type":"product","link":"https:\/\/solucionsolar.cl\/solar\/producto\/tornillo-cabeza-de-lenteja-punta-de-broca-8x3-4-100un\/","title":{"rendered":"Tornillo cabeza de lenteja punta de broca 8&#215;3\/4&#8243; 100un"},"content":{"rendered":"<p>Los tornillos con cabeza de lenteja y punta de broca de 8&#215;3\/4&#8243; en paquete de 100 unidades son un tipo de sujetador de rosca dise\u00f1ado para unir diferentes materiales. La cabeza de lenteja proporciona una apariencia m\u00e1s est\u00e9tica y la punta de broca ayuda a que el tornillo se fije de manera m\u00e1s f\u00e1cil y r\u00e1pida.<\/p>\n","protected":false},"excerpt":{"rendered":"<p>Los tornillos con cabeza de lenteja y punta de broca de 8&#215;3\/4&#8243; en paquete de 100 unidades son un tipo de sujetador de rosca dise\u00f1ado para unir diferentes materiales. La cabeza de lenteja proporciona una apariencia m\u00e1s est\u00e9tica y la punta de broca ayuda a que el tornillo se fije de manera m\u00e1s f\u00e1cil y r\u00e1pida.<\/p>\n","protected":false},"featured_media":1701,"comment_status":"open","ping_status":"closed","template":"","meta":{"_joinchat":[]},"product_brand":[],"product_cat":[17,24],"product_tag":[],"class_list":{"0":"post-1702","1":"product","2":"type-product","3":"status-publish","4":"has-post-thumbnail","6":"product_cat-ferreteria","7":"product_cat-tornillos","9":"first","10":"instock","11":"shipping-taxable","12":"purchasable","13":"product-type-simple"},"ams_default_variation_id":0,"ams_product_points_reward":[],"ams_product_discount_percentage":0,"ams_price_to_display":1300,"ams_acf":[],"jetpack_sharing_enabled":true,"_links":{"self":[{"href":"https:\/\/solucionsolar.cl\/solar\/wp-json\/wp\/v2\/product\/1702","targetHints":{"allow":["GET"]}}],"collection":[{"href":"https:\/\/solucionsolar.cl\/solar\/wp-json\/wp\/v2\/product"}],"about":[{"href":"https:\/\/solucionsolar.cl\/solar\/wp-json\/wp\/v2\/types\/product"}],"replies":[{"embeddable":true,"href":"https:\/\/solucionsolar.cl\/solar\/wp-json\/wp\/v2\/comments?post=1702"}],"wp:featuredmedia":[{"embeddable":true,"href":"https:\/\/solucionsolar.cl\/solar\/wp-json\/wp\/v2\/media\/1701"}],"wp:attachment":[{"href":"https:\/\/solucionsolar.cl\/solar\/wp-json\/wp\/v2\/media?parent=1702"}],"wp:term":[{"taxonomy":"product_brand","embeddable":true,"href":"https:\/\/solucionsolar.cl\/solar\/wp-json\/wp\/v2\/product_brand?post=1702"},{"taxonomy":"product_cat","embeddable":true,"href":"https:\/\/solucionsolar.cl\/solar\/wp-json\/wp\/v2\/product_cat?post=1702"},{"taxonomy":"product_tag","embeddable":true,"href":"https:\/\/solucionsolar.cl\/solar\/wp-json\/wp\/v2\/product_tag?post=1702"}],"curies":[{"name":"wp","href":"https:\/\/api.w.org\/{rel}","templated":true}]}}