{"id":1704,"date":"2023-05-15T22:56:45","date_gmt":"2023-05-15T22:56:45","guid":{"rendered":"https:\/\/solucionsolar.cl\/solar\/producto\/conduit-pvc-20mm-x-3mt\/"},"modified":"2023-05-15T22:56:45","modified_gmt":"2023-05-15T22:56:45","slug":"conduit-pvc-20mm-x-3mt","status":"publish","type":"product","link":"https:\/\/solucionsolar.cl\/solar\/producto\/conduit-pvc-20mm-x-3mt\/","title":{"rendered":"Conduit pvc 20mm x 3mt"},"content":{"rendered":"<p>Es un tubo utilizado en la instalaci\u00f3n el\u00e9ctrica para proteger y guiar los cables el\u00e9ctricos. El PVC es un material pl\u00e1stico resistente y duradero que ofrece una buena protecci\u00f3n contra la humedad, la corrosi\u00f3n y otros elementos ambientales que pueden da\u00f1ar los cables el\u00e9ctricos.<\/p>\n","protected":false},"excerpt":{"rendered":"<p>Es un tubo utilizado en la instalaci\u00f3n el\u00e9ctrica para proteger y guiar los cables el\u00e9ctricos. El PVC es un material pl\u00e1stico resistente y duradero que ofrece una buena protecci\u00f3n contra la humedad, la corrosi\u00f3n y otros elementos ambientales que pueden da\u00f1ar los cables el\u00e9ctricos.<\/p>\n","protected":false},"featured_media":1703,"comment_status":"open","ping_status":"closed","template":"","meta":{"_joinchat":[]},"product_brand":[],"product_cat":[22,16],"product_tag":[],"class_list":{"0":"post-1704","1":"product","2":"type-product","3":"status-publish","4":"has-post-thumbnail","6":"product_cat-conduit-pvc","7":"product_cat-electricidad","9":"first","10":"instock","11":"shipping-taxable","12":"purchasable","13":"product-type-simple"},"ams_default_variation_id":0,"ams_product_points_reward":[],"ams_product_discount_percentage":0,"ams_price_to_display":1300,"ams_acf":[],"jetpack_sharing_enabled":true,"_links":{"self":[{"href":"https:\/\/solucionsolar.cl\/solar\/wp-json\/wp\/v2\/product\/1704","targetHints":{"allow":["GET"]}}],"collection":[{"href":"https:\/\/solucionsolar.cl\/solar\/wp-json\/wp\/v2\/product"}],"about":[{"href":"https:\/\/solucionsolar.cl\/solar\/wp-json\/wp\/v2\/types\/product"}],"replies":[{"embeddable":true,"href":"https:\/\/solucionsolar.cl\/solar\/wp-json\/wp\/v2\/comments?post=1704"}],"wp:featuredmedia":[{"embeddable":true,"href":"https:\/\/solucionsolar.cl\/solar\/wp-json\/wp\/v2\/media\/1703"}],"wp:attachment":[{"href":"https:\/\/solucionsolar.cl\/solar\/wp-json\/wp\/v2\/media?parent=1704"}],"wp:term":[{"taxonomy":"product_brand","embeddable":true,"href":"https:\/\/solucionsolar.cl\/solar\/wp-json\/wp\/v2\/product_brand?post=1704"},{"taxonomy":"product_cat","embeddable":true,"href":"https:\/\/solucionsolar.cl\/solar\/wp-json\/wp\/v2\/product_cat?post=1704"},{"taxonomy":"product_tag","embeddable":true,"href":"https:\/\/solucionsolar.cl\/solar\/wp-json\/wp\/v2\/product_tag?post=1704"}],"curies":[{"name":"wp","href":"https:\/\/api.w.org\/{rel}","templated":true}]}}