{"id":1721,"date":"2023-05-15T22:57:25","date_gmt":"2023-05-15T22:57:25","guid":{"rendered":"https:\/\/solucionsolar.cl\/solar\/producto\/tornillo-punta-broca-zincado-6-18x1-100-unidades\/"},"modified":"2023-05-15T22:57:25","modified_gmt":"2023-05-15T22:57:25","slug":"tornillo-punta-broca-zincado-6-18x1-100-unidades","status":"publish","type":"product","link":"https:\/\/solucionsolar.cl\/solar\/producto\/tornillo-punta-broca-zincado-6-18x1-100-unidades\/","title":{"rendered":"Tornillo punta broca zincado 6-18&#215;1 &#8211; 100 unidades"},"content":{"rendered":"<p>Los tornillos punta broca zincado 6-18&#215;1 son tornillos con punta afilada que no requieren perforaci\u00f3n previa y miden 1 pulgada de longitud. Se venden en paquetes de 100 unidades y est\u00e1n recubiertos de zinc para resistir la corrosi\u00f3n y el \u00f3xido. Son ideales para proyectos de carpinter\u00eda, construcci\u00f3n y bricolaje que requieren un tornillo de alta calidad y f\u00e1cil de usar.<\/p>\n","protected":false},"excerpt":{"rendered":"<p>Los tornillos punta broca zincado 6-18&#215;1 son tornillos con punta afilada que no requieren perforaci\u00f3n previa y miden 1 pulgada de longitud. Se venden en paquetes de 100 unidades y est\u00e1n recubiertos de zinc para resistir la corrosi\u00f3n y el \u00f3xido. Son ideales para proyectos de carpinter\u00eda, construcci\u00f3n y bricolaje que requieren un tornillo de alta calidad y f\u00e1cil de [&hellip;]<\/p>\n","protected":false},"featured_media":1720,"comment_status":"open","ping_status":"closed","template":"","meta":{"_joinchat":[]},"product_brand":[],"product_cat":[17,24],"product_tag":[],"class_list":{"0":"post-1721","1":"product","2":"type-product","3":"status-publish","4":"has-post-thumbnail","6":"product_cat-ferreteria","7":"product_cat-tornillos","9":"first","10":"instock","11":"shipping-taxable","12":"purchasable","13":"product-type-simple"},"ams_default_variation_id":0,"ams_product_points_reward":[],"ams_product_discount_percentage":0,"ams_price_to_display":1200,"ams_acf":[],"jetpack_sharing_enabled":true,"_links":{"self":[{"href":"https:\/\/solucionsolar.cl\/solar\/wp-json\/wp\/v2\/product\/1721","targetHints":{"allow":["GET"]}}],"collection":[{"href":"https:\/\/solucionsolar.cl\/solar\/wp-json\/wp\/v2\/product"}],"about":[{"href":"https:\/\/solucionsolar.cl\/solar\/wp-json\/wp\/v2\/types\/product"}],"replies":[{"embeddable":true,"href":"https:\/\/solucionsolar.cl\/solar\/wp-json\/wp\/v2\/comments?post=1721"}],"wp:featuredmedia":[{"embeddable":true,"href":"https:\/\/solucionsolar.cl\/solar\/wp-json\/wp\/v2\/media\/1720"}],"wp:attachment":[{"href":"https:\/\/solucionsolar.cl\/solar\/wp-json\/wp\/v2\/media?parent=1721"}],"wp:term":[{"taxonomy":"product_brand","embeddable":true,"href":"https:\/\/solucionsolar.cl\/solar\/wp-json\/wp\/v2\/product_brand?post=1721"},{"taxonomy":"product_cat","embeddable":true,"href":"https:\/\/solucionsolar.cl\/solar\/wp-json\/wp\/v2\/product_cat?post=1721"},{"taxonomy":"product_tag","embeddable":true,"href":"https:\/\/solucionsolar.cl\/solar\/wp-json\/wp\/v2\/product_tag?post=1721"}],"curies":[{"name":"wp","href":"https:\/\/api.w.org\/{rel}","templated":true}]}}