{"id":1725,"date":"2023-05-15T22:57:47","date_gmt":"2023-05-15T22:57:47","guid":{"rendered":"https:\/\/solucionsolar.cl\/solar\/producto\/sensor-de-movimiento-para-cielo-infrarrojo-360-vkb\/"},"modified":"2023-05-15T22:57:47","modified_gmt":"2023-05-15T22:57:47","slug":"sensor-de-movimiento-para-cielo-infrarrojo-360-vkb","status":"publish","type":"product","link":"https:\/\/solucionsolar.cl\/solar\/producto\/sensor-de-movimiento-para-cielo-infrarrojo-360-vkb\/","title":{"rendered":"Sensor de Movimiento para cielo infrarrojo 360\u00b0 VKB"},"content":{"rendered":"<p>El sensor de movimiento VKB para cielo utiliza tecnolog\u00eda infrarroja para detectar el movimiento de personas o veh\u00edculos en un \u00e1rea de 360 grados. Este sensor es ideal para su uso en sistemas de seguridad y control de acceso en edificios y espacios comerciales. El sensor VKB es altamente preciso y puede detectar incluso el movimiento m\u00e1s sutil, lo que lo hace eficiente en el ahorro de energ\u00eda.<\/p>\n","protected":false},"excerpt":{"rendered":"<p>El sensor de movimiento VKB para cielo utiliza tecnolog\u00eda infrarroja para detectar el movimiento de personas o veh\u00edculos en un \u00e1rea de 360 grados. Este sensor es ideal para su uso en sistemas de seguridad y control de acceso en edificios y espacios comerciales. El sensor VKB es altamente preciso y puede detectar incluso el movimiento m\u00e1s sutil, lo que [&hellip;]<\/p>\n","protected":false},"featured_media":1724,"comment_status":"open","ping_status":"closed","template":"","meta":{"_joinchat":[]},"product_brand":[],"product_cat":[36],"product_tag":[],"class_list":{"0":"post-1725","1":"product","2":"type-product","3":"status-publish","4":"has-post-thumbnail","6":"product_cat-seguridad","8":"first","9":"instock","10":"shipping-taxable","11":"purchasable","12":"product-type-simple"},"ams_default_variation_id":0,"ams_product_points_reward":[],"ams_product_discount_percentage":0,"ams_price_to_display":6500,"ams_acf":[],"jetpack_sharing_enabled":true,"_links":{"self":[{"href":"https:\/\/solucionsolar.cl\/solar\/wp-json\/wp\/v2\/product\/1725","targetHints":{"allow":["GET"]}}],"collection":[{"href":"https:\/\/solucionsolar.cl\/solar\/wp-json\/wp\/v2\/product"}],"about":[{"href":"https:\/\/solucionsolar.cl\/solar\/wp-json\/wp\/v2\/types\/product"}],"replies":[{"embeddable":true,"href":"https:\/\/solucionsolar.cl\/solar\/wp-json\/wp\/v2\/comments?post=1725"}],"wp:featuredmedia":[{"embeddable":true,"href":"https:\/\/solucionsolar.cl\/solar\/wp-json\/wp\/v2\/media\/1724"}],"wp:attachment":[{"href":"https:\/\/solucionsolar.cl\/solar\/wp-json\/wp\/v2\/media?parent=1725"}],"wp:term":[{"taxonomy":"product_brand","embeddable":true,"href":"https:\/\/solucionsolar.cl\/solar\/wp-json\/wp\/v2\/product_brand?post=1725"},{"taxonomy":"product_cat","embeddable":true,"href":"https:\/\/solucionsolar.cl\/solar\/wp-json\/wp\/v2\/product_cat?post=1725"},{"taxonomy":"product_tag","embeddable":true,"href":"https:\/\/solucionsolar.cl\/solar\/wp-json\/wp\/v2\/product_tag?post=1725"}],"curies":[{"name":"wp","href":"https:\/\/api.w.org\/{rel}","templated":true}]}}