{"id":1735,"date":"2023-05-15T22:58:07","date_gmt":"2023-05-15T22:58:07","guid":{"rendered":"https:\/\/solucionsolar.cl\/solar\/producto\/dvr-8-canales-2-0mp-penta-hybrido-dahua\/"},"modified":"2023-05-15T22:58:07","modified_gmt":"2023-05-15T22:58:07","slug":"dvr-8-canales-2-0mp-penta-hybrido-dahua","status":"publish","type":"product","link":"https:\/\/solucionsolar.cl\/solar\/producto\/dvr-8-canales-2-0mp-penta-hybrido-dahua\/","title":{"rendered":"DVR 8 Canales 2.0MP Penta-Hybrido DAHUA"},"content":{"rendered":"<p>El DVR de 8 canales 2.0MP Penta-H\u00edbrido de Dahua es un dispositivo de grabaci\u00f3n de video que permite la conexi\u00f3n de c\u00e1maras de vigilancia de diferentes tecnolog\u00edas, incluyendo HDCVI, AHD, TVI, CVBS y IP. Este DVR cuenta con 8 canales de entrada de video y puede grabar en una resoluci\u00f3n de hasta 2.0MP. Adem\u00e1s, cuenta con caracter\u00edsticas avanzadas como detecci\u00f3n de movimiento, notificaciones por correo electr\u00f3nico y acceso remoto a trav\u00e9s de una aplicaci\u00f3n m\u00f3vil o software de cliente. El DVR 8 canales 2.0MP Penta-H\u00edbrido de Dahua es una excelente opci\u00f3n para aquellos que buscan una soluci\u00f3n de grabaci\u00f3n de video flexible y escalable para su sistema de videovigilancia.<\/p>\n","protected":false},"excerpt":{"rendered":"<p>El DVR de 8 canales 2.0MP Penta-H\u00edbrido de Dahua es un dispositivo de grabaci\u00f3n de video que permite la conexi\u00f3n de c\u00e1maras de vigilancia de diferentes tecnolog\u00edas, incluyendo HDCVI, AHD, TVI, CVBS y IP. Este DVR cuenta con 8 canales de entrada de video y puede grabar en una resoluci\u00f3n de hasta 2.0MP. Adem\u00e1s, cuenta con caracter\u00edsticas avanzadas como detecci\u00f3n [&hellip;]<\/p>\n","protected":false},"featured_media":1734,"comment_status":"open","ping_status":"closed","template":"","meta":{"_joinchat":[]},"product_brand":[],"product_cat":[37,36],"product_tag":[],"class_list":{"0":"post-1735","1":"product","2":"type-product","3":"status-publish","4":"has-post-thumbnail","6":"product_cat-dvr","7":"product_cat-seguridad","9":"first","10":"instock","11":"shipping-taxable","12":"purchasable","13":"product-type-simple"},"ams_default_variation_id":0,"ams_product_points_reward":[],"ams_product_discount_percentage":0,"ams_price_to_display":80000,"ams_acf":[],"jetpack_sharing_enabled":true,"_links":{"self":[{"href":"https:\/\/solucionsolar.cl\/solar\/wp-json\/wp\/v2\/product\/1735","targetHints":{"allow":["GET"]}}],"collection":[{"href":"https:\/\/solucionsolar.cl\/solar\/wp-json\/wp\/v2\/product"}],"about":[{"href":"https:\/\/solucionsolar.cl\/solar\/wp-json\/wp\/v2\/types\/product"}],"replies":[{"embeddable":true,"href":"https:\/\/solucionsolar.cl\/solar\/wp-json\/wp\/v2\/comments?post=1735"}],"wp:featuredmedia":[{"embeddable":true,"href":"https:\/\/solucionsolar.cl\/solar\/wp-json\/wp\/v2\/media\/1734"}],"wp:attachment":[{"href":"https:\/\/solucionsolar.cl\/solar\/wp-json\/wp\/v2\/media?parent=1735"}],"wp:term":[{"taxonomy":"product_brand","embeddable":true,"href":"https:\/\/solucionsolar.cl\/solar\/wp-json\/wp\/v2\/product_brand?post=1735"},{"taxonomy":"product_cat","embeddable":true,"href":"https:\/\/solucionsolar.cl\/solar\/wp-json\/wp\/v2\/product_cat?post=1735"},{"taxonomy":"product_tag","embeddable":true,"href":"https:\/\/solucionsolar.cl\/solar\/wp-json\/wp\/v2\/product_tag?post=1735"}],"curies":[{"name":"wp","href":"https:\/\/api.w.org\/{rel}","templated":true}]}}