{"id":1737,"date":"2023-05-15T22:58:12","date_gmt":"2023-05-15T22:58:12","guid":{"rendered":"https:\/\/solucionsolar.cl\/solar\/producto\/contenedor-hidrobox-1-modulo-ip55-lexo\/"},"modified":"2023-05-15T22:58:12","modified_gmt":"2023-05-15T22:58:12","slug":"contenedor-hidrobox-1-modulo-ip55-lexo","status":"publish","type":"product","link":"https:\/\/solucionsolar.cl\/solar\/producto\/contenedor-hidrobox-1-modulo-ip55-lexo\/","title":{"rendered":"Contenedor hidrobox 1 m\u00f3dulo IP55 LEXO"},"content":{"rendered":"<p>Es un dispositivo dise\u00f1ado para proteger los componentes el\u00e9ctricos de factores ambientales como el polvo y la humedad.<\/p>\n","protected":false},"excerpt":{"rendered":"<p>Es un dispositivo dise\u00f1ado para proteger los componentes el\u00e9ctricos de factores ambientales como el polvo y la humedad.<\/p>\n","protected":false},"featured_media":1736,"comment_status":"open","ping_status":"closed","template":"","meta":{"_joinchat":[]},"product_brand":[],"product_cat":[16],"product_tag":[],"class_list":{"0":"post-1737","1":"product","2":"type-product","3":"status-publish","4":"has-post-thumbnail","6":"product_cat-electricidad","8":"first","9":"instock","10":"shipping-taxable","11":"purchasable","12":"product-type-simple"},"ams_default_variation_id":0,"ams_product_points_reward":[],"ams_product_discount_percentage":0,"ams_price_to_display":6500,"ams_acf":[],"jetpack_sharing_enabled":true,"_links":{"self":[{"href":"https:\/\/solucionsolar.cl\/solar\/wp-json\/wp\/v2\/product\/1737","targetHints":{"allow":["GET"]}}],"collection":[{"href":"https:\/\/solucionsolar.cl\/solar\/wp-json\/wp\/v2\/product"}],"about":[{"href":"https:\/\/solucionsolar.cl\/solar\/wp-json\/wp\/v2\/types\/product"}],"replies":[{"embeddable":true,"href":"https:\/\/solucionsolar.cl\/solar\/wp-json\/wp\/v2\/comments?post=1737"}],"wp:featuredmedia":[{"embeddable":true,"href":"https:\/\/solucionsolar.cl\/solar\/wp-json\/wp\/v2\/media\/1736"}],"wp:attachment":[{"href":"https:\/\/solucionsolar.cl\/solar\/wp-json\/wp\/v2\/media?parent=1737"}],"wp:term":[{"taxonomy":"product_brand","embeddable":true,"href":"https:\/\/solucionsolar.cl\/solar\/wp-json\/wp\/v2\/product_brand?post=1737"},{"taxonomy":"product_cat","embeddable":true,"href":"https:\/\/solucionsolar.cl\/solar\/wp-json\/wp\/v2\/product_cat?post=1737"},{"taxonomy":"product_tag","embeddable":true,"href":"https:\/\/solucionsolar.cl\/solar\/wp-json\/wp\/v2\/product_tag?post=1737"}],"curies":[{"name":"wp","href":"https:\/\/api.w.org\/{rel}","templated":true}]}}