{"id":1739,"date":"2023-05-15T22:58:18","date_gmt":"2023-05-15T22:58:18","guid":{"rendered":"https:\/\/solucionsolar.cl\/solar\/producto\/contenedor-hidrobox-2-modulos-ip55-lexo\/"},"modified":"2023-05-15T22:58:18","modified_gmt":"2023-05-15T22:58:18","slug":"contenedor-hidrobox-2-modulos-ip55-lexo","status":"publish","type":"product","link":"https:\/\/solucionsolar.cl\/solar\/producto\/contenedor-hidrobox-2-modulos-ip55-lexo\/","title":{"rendered":"Contenedor hidrobox 2 m\u00f3dulos IP55 LEXO"},"content":{"rendered":"<p>Es un dispositivo que se utiliza para proteger los componentes el\u00e9ctricos de la humedad y el polvo. El t\u00e9rmino \u00ab2 m\u00f3dulos\u00bb se refiere al tama\u00f1o del contenedor, que tiene una longitud suficiente para albergar dos componentes el\u00e9ctricos de una sola unidad de ancho seg\u00fan la normativa el\u00e9ctrica.<\/p>\n","protected":false},"excerpt":{"rendered":"<p>Es un dispositivo que se utiliza para proteger los componentes el\u00e9ctricos de la humedad y el polvo. El t\u00e9rmino \u00ab2 m\u00f3dulos\u00bb se refiere al tama\u00f1o del contenedor, que tiene una longitud suficiente para albergar dos componentes el\u00e9ctricos de una sola unidad de ancho seg\u00fan la normativa el\u00e9ctrica.<\/p>\n","protected":false},"featured_media":1738,"comment_status":"open","ping_status":"closed","template":"","meta":{"_joinchat":[]},"product_brand":[],"product_cat":[16],"product_tag":[],"class_list":{"0":"post-1739","1":"product","2":"type-product","3":"status-publish","4":"has-post-thumbnail","6":"product_cat-electricidad","8":"first","9":"instock","10":"shipping-taxable","11":"purchasable","12":"product-type-simple"},"ams_default_variation_id":0,"ams_product_points_reward":[],"ams_product_discount_percentage":0,"ams_price_to_display":6900,"ams_acf":[],"jetpack_sharing_enabled":true,"_links":{"self":[{"href":"https:\/\/solucionsolar.cl\/solar\/wp-json\/wp\/v2\/product\/1739","targetHints":{"allow":["GET"]}}],"collection":[{"href":"https:\/\/solucionsolar.cl\/solar\/wp-json\/wp\/v2\/product"}],"about":[{"href":"https:\/\/solucionsolar.cl\/solar\/wp-json\/wp\/v2\/types\/product"}],"replies":[{"embeddable":true,"href":"https:\/\/solucionsolar.cl\/solar\/wp-json\/wp\/v2\/comments?post=1739"}],"wp:featuredmedia":[{"embeddable":true,"href":"https:\/\/solucionsolar.cl\/solar\/wp-json\/wp\/v2\/media\/1738"}],"wp:attachment":[{"href":"https:\/\/solucionsolar.cl\/solar\/wp-json\/wp\/v2\/media?parent=1739"}],"wp:term":[{"taxonomy":"product_brand","embeddable":true,"href":"https:\/\/solucionsolar.cl\/solar\/wp-json\/wp\/v2\/product_brand?post=1739"},{"taxonomy":"product_cat","embeddable":true,"href":"https:\/\/solucionsolar.cl\/solar\/wp-json\/wp\/v2\/product_cat?post=1739"},{"taxonomy":"product_tag","embeddable":true,"href":"https:\/\/solucionsolar.cl\/solar\/wp-json\/wp\/v2\/product_tag?post=1739"}],"curies":[{"name":"wp","href":"https:\/\/api.w.org\/{rel}","templated":true}]}}