{"id":174,"date":"2023-05-13T22:23:01","date_gmt":"2023-05-13T22:23:01","guid":{"rendered":"https:\/\/solucionsolar.cl\/solar\/producto\/tubo-metalico-flexible-emt-32mm-mt\/"},"modified":"2023-05-13T22:23:01","modified_gmt":"2023-05-13T22:23:01","slug":"tubo-metalico-flexible-emt-32mm-mt","status":"publish","type":"product","link":"https:\/\/solucionsolar.cl\/solar\/producto\/tubo-metalico-flexible-emt-32mm-mt\/","title":{"rendered":"Tubo met\u00e1lico flexible EMT 32mm (mt)"},"content":{"rendered":"<p>Tubo met\u00e1lico flexible EMT de 32mm de di\u00e1metro, vendido por metro.<\/p>\n","protected":false},"excerpt":{"rendered":"<p>Tubo met\u00e1lico flexible EMT de 32mm de di\u00e1metro, vendido por metro.<\/p>\n","protected":false},"featured_media":143,"comment_status":"open","ping_status":"closed","template":"","meta":{"_joinchat":[]},"product_brand":[],"product_cat":[17],"product_tag":[],"class_list":{"0":"post-174","1":"product","2":"type-product","3":"status-publish","4":"has-post-thumbnail","6":"product_cat-ferreteria","8":"first","9":"instock","10":"shipping-taxable","11":"purchasable","12":"product-type-simple"},"ams_default_variation_id":0,"ams_product_points_reward":[],"ams_product_discount_percentage":0,"ams_price_to_display":2500,"ams_acf":[],"jetpack_sharing_enabled":true,"_links":{"self":[{"href":"https:\/\/solucionsolar.cl\/solar\/wp-json\/wp\/v2\/product\/174","targetHints":{"allow":["GET"]}}],"collection":[{"href":"https:\/\/solucionsolar.cl\/solar\/wp-json\/wp\/v2\/product"}],"about":[{"href":"https:\/\/solucionsolar.cl\/solar\/wp-json\/wp\/v2\/types\/product"}],"replies":[{"embeddable":true,"href":"https:\/\/solucionsolar.cl\/solar\/wp-json\/wp\/v2\/comments?post=174"}],"wp:featuredmedia":[{"embeddable":true,"href":"https:\/\/solucionsolar.cl\/solar\/wp-json\/wp\/v2\/media\/143"}],"wp:attachment":[{"href":"https:\/\/solucionsolar.cl\/solar\/wp-json\/wp\/v2\/media?parent=174"}],"wp:term":[{"taxonomy":"product_brand","embeddable":true,"href":"https:\/\/solucionsolar.cl\/solar\/wp-json\/wp\/v2\/product_brand?post=174"},{"taxonomy":"product_cat","embeddable":true,"href":"https:\/\/solucionsolar.cl\/solar\/wp-json\/wp\/v2\/product_cat?post=174"},{"taxonomy":"product_tag","embeddable":true,"href":"https:\/\/solucionsolar.cl\/solar\/wp-json\/wp\/v2\/product_tag?post=174"}],"curies":[{"name":"wp","href":"https:\/\/api.w.org\/{rel}","templated":true}]}}