{"id":1741,"date":"2023-05-15T22:58:25","date_gmt":"2023-05-15T22:58:25","guid":{"rendered":"https:\/\/solucionsolar.cl\/solar\/producto\/enchufe-hembra-sobrepuesta-16a-3pt-6h-rojo-ip44-gewiss\/"},"modified":"2023-05-15T22:58:25","modified_gmt":"2023-05-15T22:58:25","slug":"enchufe-hembra-sobrepuesta-16a-3pt-6h-rojo-ip44-gewiss","status":"publish","type":"product","link":"https:\/\/solucionsolar.cl\/solar\/producto\/enchufe-hembra-sobrepuesta-16a-3pt-6h-rojo-ip44-gewiss\/","title":{"rendered":"Enchufe hembra sobrepuesta 16A 3P+T 6H Rojo IP44 GEWISS"},"content":{"rendered":"<p>Es un dispositivo el\u00e9ctrico que permite la conexi\u00f3n de un cable el\u00e9ctrico con un enchufe macho de 16 amperios, tres polos y toma de tierra (3P+T). Este enchufe es de color rojo, lo que indica que tiene una corriente nominal de 16 amperios y una tensi\u00f3n m\u00e1xima de 400 voltios, y es resistente al agua y al polvo con un \u00edndice de protecci\u00f3n IP44.<\/p>\n","protected":false},"excerpt":{"rendered":"<p>Es un dispositivo el\u00e9ctrico que permite la conexi\u00f3n de un cable el\u00e9ctrico con un enchufe macho de 16 amperios, tres polos y toma de tierra (3P+T). Este enchufe es de color rojo, lo que indica que tiene una corriente nominal de 16 amperios y una tensi\u00f3n m\u00e1xima de 400 voltios, y es resistente al agua y al polvo con un [&hellip;]<\/p>\n","protected":false},"featured_media":1740,"comment_status":"open","ping_status":"closed","template":"","meta":{"_joinchat":[]},"product_brand":[],"product_cat":[16],"product_tag":[],"class_list":{"0":"post-1741","1":"product","2":"type-product","3":"status-publish","4":"has-post-thumbnail","6":"product_cat-electricidad","8":"first","9":"instock","10":"shipping-taxable","11":"purchasable","12":"product-type-simple"},"ams_default_variation_id":0,"ams_product_points_reward":[],"ams_product_discount_percentage":0,"ams_price_to_display":11648,"ams_acf":[],"jetpack_sharing_enabled":true,"_links":{"self":[{"href":"https:\/\/solucionsolar.cl\/solar\/wp-json\/wp\/v2\/product\/1741","targetHints":{"allow":["GET"]}}],"collection":[{"href":"https:\/\/solucionsolar.cl\/solar\/wp-json\/wp\/v2\/product"}],"about":[{"href":"https:\/\/solucionsolar.cl\/solar\/wp-json\/wp\/v2\/types\/product"}],"replies":[{"embeddable":true,"href":"https:\/\/solucionsolar.cl\/solar\/wp-json\/wp\/v2\/comments?post=1741"}],"wp:featuredmedia":[{"embeddable":true,"href":"https:\/\/solucionsolar.cl\/solar\/wp-json\/wp\/v2\/media\/1740"}],"wp:attachment":[{"href":"https:\/\/solucionsolar.cl\/solar\/wp-json\/wp\/v2\/media?parent=1741"}],"wp:term":[{"taxonomy":"product_brand","embeddable":true,"href":"https:\/\/solucionsolar.cl\/solar\/wp-json\/wp\/v2\/product_brand?post=1741"},{"taxonomy":"product_cat","embeddable":true,"href":"https:\/\/solucionsolar.cl\/solar\/wp-json\/wp\/v2\/product_cat?post=1741"},{"taxonomy":"product_tag","embeddable":true,"href":"https:\/\/solucionsolar.cl\/solar\/wp-json\/wp\/v2\/product_tag?post=1741"}],"curies":[{"name":"wp","href":"https:\/\/api.w.org\/{rel}","templated":true}]}}