{"id":1743,"date":"2023-05-15T22:58:28","date_gmt":"2023-05-15T22:58:28","guid":{"rendered":"https:\/\/solucionsolar.cl\/solar\/producto\/casquete-sobrepuesto-ip20-interruptor-simple-9-12-lexo\/"},"modified":"2023-05-15T22:58:28","modified_gmt":"2023-05-15T22:58:28","slug":"casquete-sobrepuesto-ip20-interruptor-simple-9-12-lexo","status":"publish","type":"product","link":"https:\/\/solucionsolar.cl\/solar\/producto\/casquete-sobrepuesto-ip20-interruptor-simple-9-12-lexo\/","title":{"rendered":"Casquete sobrepuesto IP20 Interruptor simple 9\/12 LEXO"},"content":{"rendered":"<p>Es un dispositivo el\u00e9ctrico que se utiliza para encender y apagar la energ\u00eda el\u00e9ctrica en una instalaci\u00f3n el\u00e9ctrica. El casquete sobrepuesto se coloca en una caja de mecanismo est\u00e1ndar y se utiliza para soportar el interruptor simple.<\/p>\n","protected":false},"excerpt":{"rendered":"<p>Es un dispositivo el\u00e9ctrico que se utiliza para encender y apagar la energ\u00eda el\u00e9ctrica en una instalaci\u00f3n el\u00e9ctrica. El casquete sobrepuesto se coloca en una caja de mecanismo est\u00e1ndar y se utiliza para soportar el interruptor simple.<\/p>\n","protected":false},"featured_media":1742,"comment_status":"open","ping_status":"closed","template":"","meta":{"_joinchat":[]},"product_brand":[],"product_cat":[16],"product_tag":[],"class_list":{"0":"post-1743","1":"product","2":"type-product","3":"status-publish","4":"has-post-thumbnail","6":"product_cat-electricidad","8":"first","9":"instock","10":"shipping-taxable","11":"purchasable","12":"product-type-simple"},"ams_default_variation_id":0,"ams_product_points_reward":[],"ams_product_discount_percentage":0,"ams_price_to_display":2000,"ams_acf":[],"jetpack_sharing_enabled":true,"_links":{"self":[{"href":"https:\/\/solucionsolar.cl\/solar\/wp-json\/wp\/v2\/product\/1743","targetHints":{"allow":["GET"]}}],"collection":[{"href":"https:\/\/solucionsolar.cl\/solar\/wp-json\/wp\/v2\/product"}],"about":[{"href":"https:\/\/solucionsolar.cl\/solar\/wp-json\/wp\/v2\/types\/product"}],"replies":[{"embeddable":true,"href":"https:\/\/solucionsolar.cl\/solar\/wp-json\/wp\/v2\/comments?post=1743"}],"wp:featuredmedia":[{"embeddable":true,"href":"https:\/\/solucionsolar.cl\/solar\/wp-json\/wp\/v2\/media\/1742"}],"wp:attachment":[{"href":"https:\/\/solucionsolar.cl\/solar\/wp-json\/wp\/v2\/media?parent=1743"}],"wp:term":[{"taxonomy":"product_brand","embeddable":true,"href":"https:\/\/solucionsolar.cl\/solar\/wp-json\/wp\/v2\/product_brand?post=1743"},{"taxonomy":"product_cat","embeddable":true,"href":"https:\/\/solucionsolar.cl\/solar\/wp-json\/wp\/v2\/product_cat?post=1743"},{"taxonomy":"product_tag","embeddable":true,"href":"https:\/\/solucionsolar.cl\/solar\/wp-json\/wp\/v2\/product_tag?post=1743"}],"curies":[{"name":"wp","href":"https:\/\/api.w.org\/{rel}","templated":true}]}}